{"id":26327,"date":"2022-01-05T21:31:21","date_gmt":"2022-01-05T20:31:21","guid":{"rendered":"https:\/\/dellarte.be\/polyurethan-pu-boeden\/"},"modified":"2025-01-08T20:41:59","modified_gmt":"2025-01-08T19:41:59","slug":"polyurethan-pu-boeden","status":"publish","type":"page","link":"https:\/\/dellarte.be\/de\/polyurethan-pu-boeden\/","title":{"rendered":"Polyurethan (PU)-B\u00f6den"},"content":{"rendered":"<p>[et_pb_section fb_built=&#8220;1&#8243; fullwidth=&#8220;on&#8220; _builder_version=&#8220;4.14.2&#8243; _module_preset=&#8220;default&#8220; global_colors_info=&#8220;{}&#8220;][et_pb_fullwidth_header title=&#8220;Polyurethan (PU)-B\u00f6den&#8220; _builder_version=&#8220;4.14.2&#8243; _module_preset=&#8220;default&#8220; box_shadow_style=&#8220;preset3&#8243; box_shadow_color=&#8220;#0a0000&#8243; global_colors_info=&#8220;{}&#8220;][\/et_pb_fullwidth_header][\/et_pb_section][et_pb_section fb_built=&#8220;1&#8243; _builder_version=&#8220;4.14.2&#8243; _module_preset=&#8220;default&#8220; global_colors_info=&#8220;{}&#8220;][et_pb_row _builder_version=&#8220;4.14.2&#8243; _module_preset=&#8220;default&#8220; global_colors_info=&#8220;{}&#8220;][et_pb_column type=&#8220;4_4&#8243; _builder_version=&#8220;4.14.2&#8243; _module_preset=&#8220;default&#8220; global_colors_info=&#8220;{}&#8220;][et_pb_text _builder_version=&#8220;4.14.2&#8243; _module_preset=&#8220;default&#8220; hover_enabled=&#8220;0&#8243; global_colors_info=&#8220;{}&#8220; sticky_enabled=&#8220;0&#8243;]<\/p>\n<h2>Allgemein<\/h2>\n<p>Ein Polyurethanboden, oder kurz PU-Boden, ist ein leicht elastischer Kunststoffgussboden, der auf fast jedem Untergrund verlegt werden kann. Die fugenlose Beschaffenheit dieses Bodens macht ihn pflegeleicht und eignet sich sehr gut f\u00fcr die Verwendung in modernen Innenr\u00e4umen mit einem klaren Design.<\/p>\n<h2>Verschiedene Typen<\/h2>\n<ul>\n<li>Polyurethan-B\u00f6den<\/li>\n<li>Polyurethan-UV-Bodenbelag<\/li>\n<li>Bio-Polyurethan-B\u00f6den<\/li>\n<li>Sportb\u00f6den<\/li>\n<\/ul>\n<p><a href=\"https:\/\/dellarte.be\/kontaktieren-sie-uns\/?lang=de\">Wenden Sie sich an uns<\/a>, um die richtige Art zu w\u00e4hlen. <br \/>Wir erkl\u00e4ren es Ihnen gerne. Sie k\u00f6nnen bereits in unseren<a href=\"https:\/\/dellarte.be\/errungenschaften\/?lang=de\">Realisierungen<\/a> st\u00f6bern, um Ideen zu bekommen.<\/p>\n<p>[\/et_pb_text][\/et_pb_column][\/et_pb_row][et_pb_row _builder_version=&#8220;4.14.2&#8243; _module_preset=&#8220;default&#8220; global_colors_info=&#8220;{}&#8220;][et_pb_column type=&#8220;4_4&#8243; _builder_version=&#8220;4.14.2&#8243; _module_preset=&#8220;default&#8220; global_colors_info=&#8220;{}&#8220;][et_pb_image src=&#8220;http:\/\/dellarte.be\/wp-content\/uploads\/2022\/01\/ag17056-0083_35527894106_o-scaled.jpg&#8220; alt=&#8220;Bocholter Schule&#8220; title_text=&#8220;ag17056-0083_35527894106_o&#8220; _builder_version=&#8220;4.14.2&#8243; _module_preset=&#8220;default&#8220; global_colors_info=&#8220;{}&#8220;][\/et_pb_image][\/et_pb_column][\/et_pb_row][et_pb_row _builder_version=&#8220;4.14.2&#8243; _module_preset=&#8220;default&#8220; global_colors_info=&#8220;{}&#8220;][et_pb_column type=&#8220;4_4&#8243; _builder_version=&#8220;4.14.2&#8243; _module_preset=&#8220;default&#8220; global_colors_info=&#8220;{}&#8220;][et_pb_text _builder_version=&#8220;4.14.2&#8243; _module_preset=&#8220;default&#8220; global_colors_info=&#8220;{}&#8220;]<\/p>\n<h2>Anwendungen<\/h2>\n<p>Die Flexibilit\u00e4t und Strapazierf\u00e4higkeit von Polyurethanb\u00f6den machen sie ideal f\u00fcr Sportanlagen und Orte, an denen Kinder besonders gerne spielen.<\/p>\n<p>Spezielle Systeme machen B\u00f6den sicherer f\u00fcr die Gesundheit, bieten Komfort f\u00fcr die Benutzer, sind leicht zu pflegen und ausfallsicher. Ihre Langlebigkeit bedeutet, dass sie nicht h\u00e4ufig gewartet werden m\u00fcssen. Dies wird sicherlich sowohl die Eigent\u00fcmer als auch die Nutzer zufriedenstellen.<\/p>\n<p>[\/et_pb_text][\/et_pb_column][\/et_pb_row][et_pb_row column_structure=&#8220;1_2,1_2&#8243; _builder_version=&#8220;4.14.2&#8243; _module_preset=&#8220;default&#8220; global_colors_info=&#8220;{}&#8220;][et_pb_column type=&#8220;1_2&#8243; _builder_version=&#8220;4.14.2&#8243; _module_preset=&#8220;default&#8220; global_colors_info=&#8220;{}&#8220;][et_pb_image src=&#8220;http:\/\/dellarte.be\/wp-content\/uploads\/2022\/01\/gietvloer-polyurethaan-groter.jpg&#8220; alt=&#8220;Estrich Polyurethan&#8220; title_text=&#8220;Estrich Polyurethan gr\u00f6\u00dfer&#8220; _builder_version=&#8220;4.14.2&#8243; _module_preset=&#8220;default&#8220; global_colors_info=&#8220;{}&#8220;][\/et_pb_image][\/et_pb_column][et_pb_column type=&#8220;1_2&#8243; _builder_version=&#8220;4.14.2&#8243; _module_preset=&#8220;default&#8220; global_colors_info=&#8220;{}&#8220;][et_pb_text _builder_version=&#8220;4.14.2&#8243; _module_preset=&#8220;default&#8220; global_colors_info=&#8220;{}&#8220;]<\/p>\n<h2>Vorteile<\/h2>\n<ul>\n<li>Ein PU-Boden hat keine N\u00e4hte, sieht elegant aus und ist leicht zu reinigen.<\/li>\n<li>Polyurethan ist elastischer als Epoxid und wird (unter normalen Bedingungen) nicht rei\u00dfen.<\/li>\n<li>Aufgrund seiner elastischen und riss\u00fcberbr\u00fcckenden Eigenschaften kann es auch auf einen bestehenden Holzboden aufgetragen werden. Dieser Boden muss jedoch in der Regel zun\u00e4chst mit einer ausgleichenden Glasfaserschicht verst\u00e4rkt werden.<\/li>\n<li>Kann hervorragend in Kombination mit einer Fu\u00dfbodenheizung verwendet werden.<\/li>\n<li>Polyurethan-B\u00f6den wirken schallabsorbierend. Eine zus\u00e4tzliche D\u00e4mpfungsschicht kann bei Bedarf f\u00fcr eine noch bessere Akustik sorgen.<\/li>\n<li>Ideal f\u00fcr Menschen mit Hausstauballergien.<\/li>\n<\/ul>\n<p>[\/et_pb_text][\/et_pb_column][\/et_pb_row][et_pb_row _builder_version=&#8220;4.14.2&#8243; _module_preset=&#8220;default&#8220; global_colors_info=&#8220;{}&#8220;][et_pb_column type=&#8220;4_4&#8243; _builder_version=&#8220;4.14.2&#8243; _module_preset=&#8220;default&#8220; global_colors_info=&#8220;{}&#8220;][et_pb_text _builder_version=&#8220;4.14.2&#8243; _module_preset=&#8220;default&#8220; global_colors_info=&#8220;{}&#8220;]<\/p>\n<h2>Wartung<\/h2>\n<p>Ein gro\u00dfer Vorteil von Gussb\u00f6den ist die sehr einfache Pflege. Aufgrund der glatten Oberfl\u00e4che und der Undurchl\u00e4ssigkeit haben Verunreinigungen keine Chance, in den Kunstharzboden einzudringen. F\u00fcr die t\u00e4gliche Pflege reicht es aus, einfach zu wischen. Wenn Sie den Gussboden saugen wollen, verwenden Sie einen Staubsauger mit einer weichen B\u00fcrste, z.B. Eine Parkettb\u00fcrste: Sie hat weiche Borsten, die Kratzer in Ihrem Gussboden verhindern. W\u00f6chentlich mit einem feuchten Wischmopp mit kaltem oder lauwarmem Wasser.<\/p>\n<p>[\/et_pb_text][\/et_pb_column][\/et_pb_row][\/et_pb_section]<\/p>\n","protected":false},"excerpt":{"rendered":"<p>Allgemein Ein Polyurethanboden, oder kurz PU-Boden, ist ein leicht elastischer Kunststoffgussboden, der auf fast jedem Untergrund verlegt werden kann. Die fugenlose Beschaffenheit dieses Bodens macht ihn pflegeleicht und eignet sich sehr gut f\u00fcr die Verwendung in modernen Innenr\u00e4umen mit einem klaren Design. Verschiedene Typen Polyurethan-B\u00f6den Polyurethan-UV-Bodenbelag Bio-Polyurethan-B\u00f6den Sportb\u00f6den Wenden Sie sich an uns, um die [&hellip;]<\/p>\n","protected":false},"author":1,"featured_media":0,"parent":0,"menu_order":0,"comment_status":"closed","ping_status":"closed","template":"","meta":{"_et_pb_use_builder":"on","_et_pb_old_content":"","_et_gb_content_width":"","footnotes":""},"class_list":["post-26327","page","type-page","status-publish","hentry"],"yoast_head":"<!-- This site is optimized with the Yoast SEO plugin v27.4 - https:\/\/yoast.com\/product\/yoast-seo-wordpress\/ -->\n<title>Polyurethan (PU)-B\u00f6den - Dellarte designvloeren<\/title>\n<meta name=\"robots\" content=\"index, follow, max-snippet:-1, max-image-preview:large, max-video-preview:-1\" \/>\n<link rel=\"canonical\" href=\"https:\/\/dellarte.be\/de\/polyurethan-pu-boeden\/\" \/>\n<meta property=\"og:locale\" content=\"de_DE\" \/>\n<meta property=\"og:type\" content=\"article\" \/>\n<meta property=\"og:title\" content=\"Polyurethan (PU)-B\u00f6den - Dellarte designvloeren\" \/>\n<meta property=\"og:description\" content=\"Allgemein Ein Polyurethanboden, oder kurz PU-Boden, ist ein leicht elastischer Kunststoffgussboden, der auf fast jedem Untergrund verlegt werden kann. Die fugenlose Beschaffenheit dieses Bodens macht ihn pflegeleicht und eignet sich sehr gut f\u00fcr die Verwendung in modernen Innenr\u00e4umen mit einem klaren Design. Verschiedene Typen Polyurethan-B\u00f6den Polyurethan-UV-Bodenbelag Bio-Polyurethan-B\u00f6den Sportb\u00f6den Wenden Sie sich an uns, um die [&hellip;]\" \/>\n<meta property=\"og:url\" content=\"https:\/\/dellarte.be\/de\/polyurethan-pu-boeden\/\" \/>\n<meta property=\"og:site_name\" content=\"Dellarte designvloeren\" \/>\n<meta property=\"article:publisher\" content=\"https:\/\/www.facebook.com\/Dellartedesignvloeren\" \/>\n<meta property=\"article:modified_time\" content=\"2025-01-08T19:41:59+00:00\" \/>\n<meta name=\"twitter:card\" content=\"summary_large_image\" \/>\n<meta name=\"twitter:label1\" content=\"Gesch\u00e4tzte Lesezeit\" \/>\n\t<meta name=\"twitter:data1\" content=\"3\u00a0Minuten\" \/>\n<script type=\"application\/ld+json\" class=\"yoast-schema-graph\">{\"@context\":\"https:\\\/\\\/schema.org\",\"@graph\":[{\"@type\":\"WebPage\",\"@id\":\"https:\\\/\\\/dellarte.be\\\/de\\\/polyurethan-pu-boeden\\\/\",\"url\":\"https:\\\/\\\/dellarte.be\\\/de\\\/polyurethan-pu-boeden\\\/\",\"name\":\"Polyurethan (PU)-B\u00f6den - Dellarte designvloeren\",\"isPartOf\":{\"@id\":\"https:\\\/\\\/dellarte.be\\\/de\\\/#website\"},\"datePublished\":\"2022-01-05T20:31:21+00:00\",\"dateModified\":\"2025-01-08T19:41:59+00:00\",\"breadcrumb\":{\"@id\":\"https:\\\/\\\/dellarte.be\\\/de\\\/polyurethan-pu-boeden\\\/#breadcrumb\"},\"inLanguage\":\"de\",\"potentialAction\":[{\"@type\":\"ReadAction\",\"target\":[\"https:\\\/\\\/dellarte.be\\\/de\\\/polyurethan-pu-boeden\\\/\"]}]},{\"@type\":\"BreadcrumbList\",\"@id\":\"https:\\\/\\\/dellarte.be\\\/de\\\/polyurethan-pu-boeden\\\/#breadcrumb\",\"itemListElement\":[{\"@type\":\"ListItem\",\"position\":1,\"name\":\"Home\",\"item\":\"https:\\\/\\\/dellarte.be\\\/de\\\/\"},{\"@type\":\"ListItem\",\"position\":2,\"name\":\"Polyurethan (PU)-B\u00f6den\"}]},{\"@type\":\"WebSite\",\"@id\":\"https:\\\/\\\/dellarte.be\\\/de\\\/#website\",\"url\":\"https:\\\/\\\/dellarte.be\\\/de\\\/\",\"name\":\"Dellarte designvloeren\",\"description\":\"Exclusieve vloeren te Turnhout\",\"publisher\":{\"@id\":\"https:\\\/\\\/dellarte.be\\\/de\\\/#organization\"},\"potentialAction\":[{\"@type\":\"SearchAction\",\"target\":{\"@type\":\"EntryPoint\",\"urlTemplate\":\"https:\\\/\\\/dellarte.be\\\/de\\\/?s={search_term_string}\"},\"query-input\":{\"@type\":\"PropertyValueSpecification\",\"valueRequired\":true,\"valueName\":\"search_term_string\"}}],\"inLanguage\":\"de\"},{\"@type\":\"Organization\",\"@id\":\"https:\\\/\\\/dellarte.be\\\/de\\\/#organization\",\"name\":\"Dellarte designvloeren\",\"url\":\"https:\\\/\\\/dellarte.be\\\/de\\\/\",\"logo\":{\"@type\":\"ImageObject\",\"inLanguage\":\"de\",\"@id\":\"https:\\\/\\\/dellarte.be\\\/de\\\/#\\\/schema\\\/logo\\\/image\\\/\",\"url\":\"https:\\\/\\\/dellarte.be\\\/wp-content\\\/uploads\\\/2021\\\/12\\\/logo.png\",\"contentUrl\":\"https:\\\/\\\/dellarte.be\\\/wp-content\\\/uploads\\\/2021\\\/12\\\/logo.png\",\"width\":258,\"height\":74,\"caption\":\"Dellarte designvloeren\"},\"image\":{\"@id\":\"https:\\\/\\\/dellarte.be\\\/de\\\/#\\\/schema\\\/logo\\\/image\\\/\"},\"sameAs\":[\"https:\\\/\\\/www.facebook.com\\\/Dellartedesignvloeren\"]}]}<\/script>\n<!-- \/ Yoast SEO plugin. -->","yoast_head_json":{"title":"Polyurethan (PU)-B\u00f6den - Dellarte designvloeren","robots":{"index":"index","follow":"follow","max-snippet":"max-snippet:-1","max-image-preview":"max-image-preview:large","max-video-preview":"max-video-preview:-1"},"canonical":"https:\/\/dellarte.be\/de\/polyurethan-pu-boeden\/","og_locale":"de_DE","og_type":"article","og_title":"Polyurethan (PU)-B\u00f6den - Dellarte designvloeren","og_description":"Allgemein Ein Polyurethanboden, oder kurz PU-Boden, ist ein leicht elastischer Kunststoffgussboden, der auf fast jedem Untergrund verlegt werden kann. Die fugenlose Beschaffenheit dieses Bodens macht ihn pflegeleicht und eignet sich sehr gut f\u00fcr die Verwendung in modernen Innenr\u00e4umen mit einem klaren Design. Verschiedene Typen Polyurethan-B\u00f6den Polyurethan-UV-Bodenbelag Bio-Polyurethan-B\u00f6den Sportb\u00f6den Wenden Sie sich an uns, um die [&hellip;]","og_url":"https:\/\/dellarte.be\/de\/polyurethan-pu-boeden\/","og_site_name":"Dellarte designvloeren","article_publisher":"https:\/\/www.facebook.com\/Dellartedesignvloeren","article_modified_time":"2025-01-08T19:41:59+00:00","twitter_card":"summary_large_image","twitter_misc":{"Gesch\u00e4tzte Lesezeit":"3\u00a0Minuten"},"schema":{"@context":"https:\/\/schema.org","@graph":[{"@type":"WebPage","@id":"https:\/\/dellarte.be\/de\/polyurethan-pu-boeden\/","url":"https:\/\/dellarte.be\/de\/polyurethan-pu-boeden\/","name":"Polyurethan (PU)-B\u00f6den - Dellarte designvloeren","isPartOf":{"@id":"https:\/\/dellarte.be\/de\/#website"},"datePublished":"2022-01-05T20:31:21+00:00","dateModified":"2025-01-08T19:41:59+00:00","breadcrumb":{"@id":"https:\/\/dellarte.be\/de\/polyurethan-pu-boeden\/#breadcrumb"},"inLanguage":"de","potentialAction":[{"@type":"ReadAction","target":["https:\/\/dellarte.be\/de\/polyurethan-pu-boeden\/"]}]},{"@type":"BreadcrumbList","@id":"https:\/\/dellarte.be\/de\/polyurethan-pu-boeden\/#breadcrumb","itemListElement":[{"@type":"ListItem","position":1,"name":"Home","item":"https:\/\/dellarte.be\/de\/"},{"@type":"ListItem","position":2,"name":"Polyurethan (PU)-B\u00f6den"}]},{"@type":"WebSite","@id":"https:\/\/dellarte.be\/de\/#website","url":"https:\/\/dellarte.be\/de\/","name":"Dellarte designvloeren","description":"Exclusieve vloeren te Turnhout","publisher":{"@id":"https:\/\/dellarte.be\/de\/#organization"},"potentialAction":[{"@type":"SearchAction","target":{"@type":"EntryPoint","urlTemplate":"https:\/\/dellarte.be\/de\/?s={search_term_string}"},"query-input":{"@type":"PropertyValueSpecification","valueRequired":true,"valueName":"search_term_string"}}],"inLanguage":"de"},{"@type":"Organization","@id":"https:\/\/dellarte.be\/de\/#organization","name":"Dellarte designvloeren","url":"https:\/\/dellarte.be\/de\/","logo":{"@type":"ImageObject","inLanguage":"de","@id":"https:\/\/dellarte.be\/de\/#\/schema\/logo\/image\/","url":"https:\/\/dellarte.be\/wp-content\/uploads\/2021\/12\/logo.png","contentUrl":"https:\/\/dellarte.be\/wp-content\/uploads\/2021\/12\/logo.png","width":258,"height":74,"caption":"Dellarte designvloeren"},"image":{"@id":"https:\/\/dellarte.be\/de\/#\/schema\/logo\/image\/"},"sameAs":["https:\/\/www.facebook.com\/Dellartedesignvloeren"]}]}},"_links":{"self":[{"href":"https:\/\/dellarte.be\/de\/wp-json\/wp\/v2\/pages\/26327","targetHints":{"allow":["GET"]}}],"collection":[{"href":"https:\/\/dellarte.be\/de\/wp-json\/wp\/v2\/pages"}],"about":[{"href":"https:\/\/dellarte.be\/de\/wp-json\/wp\/v2\/types\/page"}],"author":[{"embeddable":true,"href":"https:\/\/dellarte.be\/de\/wp-json\/wp\/v2\/users\/1"}],"replies":[{"embeddable":true,"href":"https:\/\/dellarte.be\/de\/wp-json\/wp\/v2\/comments?post=26327"}],"version-history":[{"count":10,"href":"https:\/\/dellarte.be\/de\/wp-json\/wp\/v2\/pages\/26327\/revisions"}],"predecessor-version":[{"id":26379,"href":"https:\/\/dellarte.be\/de\/wp-json\/wp\/v2\/pages\/26327\/revisions\/26379"}],"wp:attachment":[{"href":"https:\/\/dellarte.be\/de\/wp-json\/wp\/v2\/media?parent=26327"}],"curies":[{"name":"wp","href":"https:\/\/api.w.org\/{rel}","templated":true}]}}