{"id":26356,"date":"2022-01-05T21:33:16","date_gmt":"2022-01-05T20:33:16","guid":{"rendered":"https:\/\/dellarte.be\/steinteppich\/"},"modified":"2025-01-08T20:41:59","modified_gmt":"2025-01-08T19:41:59","slug":"steinteppich","status":"publish","type":"page","link":"https:\/\/dellarte.be\/de\/steinteppich\/","title":{"rendered":"Steinteppich"},"content":{"rendered":"<p>[et_pb_section fb_built=&#8220;1&#8243; fullwidth=&#8220;on&#8220; _builder_version=&#8220;4.14.2&#8243; _module_preset=&#8220;default&#8220; global_colors_info=&#8220;{}&#8220;][et_pb_fullwidth_header title=&#8220;Steinteppich&#8220; _builder_version=&#8220;4.14.2&#8243; _module_preset=&#8220;default&#8220; box_shadow_style=&#8220;preset3&#8243; box_shadow_color=&#8220;#0a0000&#8243; global_colors_info=&#8220;{}&#8220;][\/et_pb_fullwidth_header][\/et_pb_section][et_pb_section fb_built=&#8220;1&#8243; _builder_version=&#8220;4.14.2&#8243; _module_preset=&#8220;default&#8220; global_colors_info=&#8220;{}&#8220;][et_pb_row _builder_version=&#8220;4.14.2&#8243; _module_preset=&#8220;default&#8220; global_colors_info=&#8220;{}&#8220;][et_pb_column type=&#8220;4_4&#8243; _builder_version=&#8220;4.14.2&#8243; _module_preset=&#8220;default&#8220; global_colors_info=&#8220;{}&#8220;][et_pb_text _builder_version=&#8220;4.14.2&#8243; _module_preset=&#8220;default&#8220; hover_enabled=&#8220;0&#8243; global_colors_info=&#8220;{}&#8220; sticky_enabled=&#8220;0&#8243;]<\/p>\n<h2>Teppiche aus Marmor und Stein<\/h2>\n<p>Sowohl Marmor- als auch Steinteppiche sind Granulatb\u00f6den. Der eine besteht aus echten Marmork\u00f6rnern, der andere aus kleinen Steink\u00f6rnern, die beide mit Epoxidharz gebunden sind. Da das Aussehen durch die Farbe und Dicke der Kieselsteine oder K\u00f6rner bestimmt wird, ist eine gro\u00dfe Vielfalt m\u00f6glich. Beide Arten von Teppichen k\u00f6nnen mit offenem Ende oder geschlossen sein. Im letzteren Fall werden die L\u00fccken zwischen den Kieselsteinen mit einem transparenten F\u00fcllmaterial ausgef\u00fcllt. Marmorteppiche f\u00fchlen sich beim Gehen auch etwas angenehmer an.     <\/p>\n<p><a href=\"https:\/\/dellarte.be\/kontaktieren-sie-uns\/?lang=de\">Nehmen Sie Kontakt mit uns auf<\/a>, um den richtigen Typ auszuw\u00e4hlen.<br \/>Wir erkl\u00e4ren es Ihnen gerne. Sie k\u00f6nnen bereits in unseren<a href=\"https:\/\/dellarte.be\/errungenschaften\/?lang=de\">Realisierungen<\/a> st\u00f6bern, um Ideen zu bekommen. <\/p>\n<p>[\/et_pb_text][\/et_pb_column][\/et_pb_row][et_pb_row column_structure=&#8220;1_2,1_2&#8243; _builder_version=&#8220;4.14.2&#8243; _module_preset=&#8220;default&#8220; global_colors_info=&#8220;{}&#8220;][et_pb_column type=&#8220;1_2&#8243; _builder_version=&#8220;4.14.2&#8243; _module_preset=&#8220;default&#8220; global_colors_info=&#8220;{}&#8220;][et_pb_text _builder_version=&#8220;4.14.2&#8243; _module_preset=&#8220;default&#8220; global_colors_info=&#8220;{}&#8220;]<\/p>\n<h2>Marmor Teppich<\/h2>\n<h3>Was sind die Vorteile?<\/h3>\n<p>Marmorteppich sieht warm aus und kann mit einer Fu\u00dfbodenheizung kombiniert werden. Er besteht aus nat\u00fcrlichem Material und ist relativ preiswert. Er ist f\u00fcr verschiedene Untergr\u00fcnde geeignet und kann bereits nach 24 Stunden belastet werden. Au\u00dferdem ist er sehr kratzfest, langlebig, strapazierf\u00e4hig und antiallergisch.   <\/p>\n<h3>Gibt es irgendwelche Nachteile?<\/h3>\n<p>Bei einem unversiegelten Marmorteppich werden die L\u00fccken zwischen den Marmork\u00f6rnern nicht ausgef\u00fcllt, so dass Schmutz zwischen die Kieselsteine gelangen kann. Der Boden l\u00e4uft auch weniger komfortabel als die versiegelte Version. <\/p>\n<h3>Die h\u00e4ufigsten Anwendungen<\/h3>\n<p>Marmorteppiche k\u00f6nnen sowohl im Innen- als auch im Au\u00dfenbereich verwendet werden. Sie finden ihn in Gesch\u00e4ften, Ausstellungsr\u00e4umen, B\u00fcros, aber auch zu Hause, auf Terrassen und rund um Swimmingpools. <\/p>\n<p>[\/et_pb_text][\/et_pb_column][et_pb_column type=&#8220;1_2&#8243; _builder_version=&#8220;4.14.2&#8243; _module_preset=&#8220;default&#8220; global_colors_info=&#8220;{}&#8220;][et_pb_image src=&#8220;http:\/\/dellarte.be\/wp-content\/uploads\/2022\/01\/5-143-scaled.jpg&#8220; alt=&#8220;Marmorbad&#8220; title_text=&#8220;5 143&#8243; _builder_version=&#8220;4.14.2&#8243; _module_preset=&#8220;default&#8220; global_colors_info=&#8220;{}&#8220;][\/et_pb_image][\/et_pb_column][\/et_pb_row][et_pb_row column_structure=&#8220;1_2,1_2&#8243; _builder_version=&#8220;4.14.2&#8243; _module_preset=&#8220;default&#8220; global_colors_info=&#8220;{}&#8220;][et_pb_column type=&#8220;1_2&#8243; _builder_version=&#8220;4.14.2&#8243; _module_preset=&#8220;default&#8220; global_colors_info=&#8220;{}&#8220;][et_pb_image src=&#8220;http:\/\/dellarte.be\/wp-content\/uploads\/2022\/01\/dell-122-550-kopie-scaled.jpg&#8220; alt=&#8220;Steinteppich Treppen&#8220; title_text=&#8220;dell 122 550  &#8220; _builder_version=&#8220;4.14.2&#8243; _module_preset=&#8220;default&#8220; global_colors_info=&#8220;{}&#8220;][\/et_pb_image][\/et_pb_column][et_pb_column type=&#8220;1_2&#8243; _builder_version=&#8220;4.14.2&#8243; _module_preset=&#8220;default&#8220; global_colors_info=&#8220;{}&#8220;][et_pb_text _builder_version=&#8220;4.14.2&#8243; _module_preset=&#8220;default&#8220; global_colors_info=&#8220;{}&#8220;]<\/p>\n<h2>Steinteppich<\/h2>\n<h3>Was sind die Vorteile?<\/h3>\n<p>Steinteppich ist relativ preiswert und in einer Vielzahl von Farben erh\u00e4ltlich. Au\u00dferdem ist er extrem strapazierf\u00e4hig, kratzfest, antiallergisch und pflegeleicht. Steinteppiche lassen sich perfekt mit einer Fu\u00dfbodenheizung kombinieren.  <\/p>\n<h3>Gibt es irgendwelche Nachteile?<\/h3>\n<p>Bei einem Steinteppich mit offener Struktur kann Schmutz zwischen die Kieselsteine gelangen. Diese Art von Boden f\u00fchlt sich auch rauer an. <\/p>\n<h3>Die h\u00e4ufigsten Anwendungen<\/h3>\n<p>Steinteppiche werden h\u00e4ufig in Krankenh\u00e4usern, Gesch\u00e4ften, B\u00fcros und Industriegeb\u00e4uden verwendet. Diese Art von Bodenbelag ist auch f\u00fcr Privath\u00e4user sehr gut geeignet. <\/p>\n<p>[\/et_pb_text][\/et_pb_column][\/et_pb_row][et_pb_row _builder_version=&#8220;4.14.2&#8243; _module_preset=&#8220;default&#8220; global_colors_info=&#8220;{}&#8220;][et_pb_column type=&#8220;4_4&#8243; _builder_version=&#8220;4.14.2&#8243; _module_preset=&#8220;default&#8220; global_colors_info=&#8220;{}&#8220;][et_pb_image src=&#8220;http:\/\/dellarte.be\/wp-content\/uploads\/2022\/01\/steentapijten.png&#8220; alt=&#8220;Einige Farben&#8220; title_text=&#8220;Steinteppiche&#8220; show_in_lightbox=&#8220;on&#8220; _builder_version=&#8220;4.14.2&#8243; _module_preset=&#8220;default&#8220; global_colors_info=&#8220;{}&#8220;][\/et_pb_image][\/et_pb_column][\/et_pb_row][\/et_pb_section]<\/p>\n","protected":false},"excerpt":{"rendered":"<p>Teppiche aus Marmor und Stein Sowohl Marmor- als auch Steinteppiche sind Granulatb\u00f6den. Der eine besteht aus echten Marmork\u00f6rnern, der andere aus kleinen Steink\u00f6rnern, die beide mit Epoxidharz gebunden sind. Da das Aussehen durch die Farbe und Dicke der Kieselsteine oder K\u00f6rner bestimmt wird, ist eine gro\u00dfe Vielfalt m\u00f6glich. Beide Arten von Teppichen k\u00f6nnen mit offenem [&hellip;]<\/p>\n","protected":false},"author":1,"featured_media":0,"parent":0,"menu_order":0,"comment_status":"closed","ping_status":"closed","template":"","meta":{"_et_pb_use_builder":"on","_et_pb_old_content":"","_et_gb_content_width":"","footnotes":""},"class_list":["post-26356","page","type-page","status-publish","hentry"],"yoast_head":"<!-- This site is optimized with the Yoast SEO plugin v27.6 - https:\/\/yoast.com\/product\/yoast-seo-wordpress\/ -->\n<title>Steinteppich - Dellarte designvloeren<\/title>\n<meta name=\"robots\" content=\"index, follow, max-snippet:-1, max-image-preview:large, max-video-preview:-1\" \/>\n<link rel=\"canonical\" href=\"https:\/\/dellarte.be\/de\/steinteppich\/\" \/>\n<meta property=\"og:locale\" content=\"de_DE\" \/>\n<meta property=\"og:type\" content=\"article\" \/>\n<meta property=\"og:title\" content=\"Steinteppich - Dellarte designvloeren\" \/>\n<meta property=\"og:description\" content=\"Teppiche aus Marmor und Stein Sowohl Marmor- als auch Steinteppiche sind Granulatb\u00f6den. Der eine besteht aus echten Marmork\u00f6rnern, der andere aus kleinen Steink\u00f6rnern, die beide mit Epoxidharz gebunden sind. Da das Aussehen durch die Farbe und Dicke der Kieselsteine oder K\u00f6rner bestimmt wird, ist eine gro\u00dfe Vielfalt m\u00f6glich. Beide Arten von Teppichen k\u00f6nnen mit offenem [&hellip;]\" \/>\n<meta property=\"og:url\" content=\"https:\/\/dellarte.be\/de\/steinteppich\/\" \/>\n<meta property=\"og:site_name\" content=\"Dellarte designvloeren\" \/>\n<meta property=\"article:publisher\" content=\"https:\/\/www.facebook.com\/Dellartedesignvloeren\" \/>\n<meta property=\"article:modified_time\" content=\"2025-01-08T19:41:59+00:00\" \/>\n<meta name=\"twitter:card\" content=\"summary_large_image\" \/>\n<meta name=\"twitter:label1\" content=\"Gesch\u00e4tzte Lesezeit\" \/>\n\t<meta name=\"twitter:data1\" content=\"3\u00a0Minuten\" \/>\n<script type=\"application\/ld+json\" class=\"yoast-schema-graph\">{\"@context\":\"https:\\\/\\\/schema.org\",\"@graph\":[{\"@type\":\"WebPage\",\"@id\":\"https:\\\/\\\/dellarte.be\\\/de\\\/steinteppich\\\/\",\"url\":\"https:\\\/\\\/dellarte.be\\\/de\\\/steinteppich\\\/\",\"name\":\"Steinteppich - Dellarte designvloeren\",\"isPartOf\":{\"@id\":\"https:\\\/\\\/dellarte.be\\\/de\\\/#website\"},\"datePublished\":\"2022-01-05T20:33:16+00:00\",\"dateModified\":\"2025-01-08T19:41:59+00:00\",\"breadcrumb\":{\"@id\":\"https:\\\/\\\/dellarte.be\\\/de\\\/steinteppich\\\/#breadcrumb\"},\"inLanguage\":\"de\",\"potentialAction\":[{\"@type\":\"ReadAction\",\"target\":[\"https:\\\/\\\/dellarte.be\\\/de\\\/steinteppich\\\/\"]}]},{\"@type\":\"BreadcrumbList\",\"@id\":\"https:\\\/\\\/dellarte.be\\\/de\\\/steinteppich\\\/#breadcrumb\",\"itemListElement\":[{\"@type\":\"ListItem\",\"position\":1,\"name\":\"Home\",\"item\":\"https:\\\/\\\/dellarte.be\\\/de\\\/\"},{\"@type\":\"ListItem\",\"position\":2,\"name\":\"Steinteppich\"}]},{\"@type\":\"WebSite\",\"@id\":\"https:\\\/\\\/dellarte.be\\\/de\\\/#website\",\"url\":\"https:\\\/\\\/dellarte.be\\\/de\\\/\",\"name\":\"Dellarte designvloeren\",\"description\":\"Exclusieve vloeren te Turnhout\",\"publisher\":{\"@id\":\"https:\\\/\\\/dellarte.be\\\/de\\\/#organization\"},\"potentialAction\":[{\"@type\":\"SearchAction\",\"target\":{\"@type\":\"EntryPoint\",\"urlTemplate\":\"https:\\\/\\\/dellarte.be\\\/de\\\/?s={search_term_string}\"},\"query-input\":{\"@type\":\"PropertyValueSpecification\",\"valueRequired\":true,\"valueName\":\"search_term_string\"}}],\"inLanguage\":\"de\"},{\"@type\":\"Organization\",\"@id\":\"https:\\\/\\\/dellarte.be\\\/de\\\/#organization\",\"name\":\"Dellarte designvloeren\",\"url\":\"https:\\\/\\\/dellarte.be\\\/de\\\/\",\"logo\":{\"@type\":\"ImageObject\",\"inLanguage\":\"de\",\"@id\":\"https:\\\/\\\/dellarte.be\\\/de\\\/#\\\/schema\\\/logo\\\/image\\\/\",\"url\":\"https:\\\/\\\/dellarte.be\\\/wp-content\\\/uploads\\\/2021\\\/12\\\/logo.png\",\"contentUrl\":\"https:\\\/\\\/dellarte.be\\\/wp-content\\\/uploads\\\/2021\\\/12\\\/logo.png\",\"width\":258,\"height\":74,\"caption\":\"Dellarte designvloeren\"},\"image\":{\"@id\":\"https:\\\/\\\/dellarte.be\\\/de\\\/#\\\/schema\\\/logo\\\/image\\\/\"},\"sameAs\":[\"https:\\\/\\\/www.facebook.com\\\/Dellartedesignvloeren\"]}]}<\/script>\n<!-- \/ Yoast SEO plugin. -->","yoast_head_json":{"title":"Steinteppich - Dellarte designvloeren","robots":{"index":"index","follow":"follow","max-snippet":"max-snippet:-1","max-image-preview":"max-image-preview:large","max-video-preview":"max-video-preview:-1"},"canonical":"https:\/\/dellarte.be\/de\/steinteppich\/","og_locale":"de_DE","og_type":"article","og_title":"Steinteppich - Dellarte designvloeren","og_description":"Teppiche aus Marmor und Stein Sowohl Marmor- als auch Steinteppiche sind Granulatb\u00f6den. Der eine besteht aus echten Marmork\u00f6rnern, der andere aus kleinen Steink\u00f6rnern, die beide mit Epoxidharz gebunden sind. Da das Aussehen durch die Farbe und Dicke der Kieselsteine oder K\u00f6rner bestimmt wird, ist eine gro\u00dfe Vielfalt m\u00f6glich. Beide Arten von Teppichen k\u00f6nnen mit offenem [&hellip;]","og_url":"https:\/\/dellarte.be\/de\/steinteppich\/","og_site_name":"Dellarte designvloeren","article_publisher":"https:\/\/www.facebook.com\/Dellartedesignvloeren","article_modified_time":"2025-01-08T19:41:59+00:00","twitter_card":"summary_large_image","twitter_misc":{"Gesch\u00e4tzte Lesezeit":"3\u00a0Minuten"},"schema":{"@context":"https:\/\/schema.org","@graph":[{"@type":"WebPage","@id":"https:\/\/dellarte.be\/de\/steinteppich\/","url":"https:\/\/dellarte.be\/de\/steinteppich\/","name":"Steinteppich - Dellarte designvloeren","isPartOf":{"@id":"https:\/\/dellarte.be\/de\/#website"},"datePublished":"2022-01-05T20:33:16+00:00","dateModified":"2025-01-08T19:41:59+00:00","breadcrumb":{"@id":"https:\/\/dellarte.be\/de\/steinteppich\/#breadcrumb"},"inLanguage":"de","potentialAction":[{"@type":"ReadAction","target":["https:\/\/dellarte.be\/de\/steinteppich\/"]}]},{"@type":"BreadcrumbList","@id":"https:\/\/dellarte.be\/de\/steinteppich\/#breadcrumb","itemListElement":[{"@type":"ListItem","position":1,"name":"Home","item":"https:\/\/dellarte.be\/de\/"},{"@type":"ListItem","position":2,"name":"Steinteppich"}]},{"@type":"WebSite","@id":"https:\/\/dellarte.be\/de\/#website","url":"https:\/\/dellarte.be\/de\/","name":"Dellarte designvloeren","description":"Exclusieve vloeren te Turnhout","publisher":{"@id":"https:\/\/dellarte.be\/de\/#organization"},"potentialAction":[{"@type":"SearchAction","target":{"@type":"EntryPoint","urlTemplate":"https:\/\/dellarte.be\/de\/?s={search_term_string}"},"query-input":{"@type":"PropertyValueSpecification","valueRequired":true,"valueName":"search_term_string"}}],"inLanguage":"de"},{"@type":"Organization","@id":"https:\/\/dellarte.be\/de\/#organization","name":"Dellarte designvloeren","url":"https:\/\/dellarte.be\/de\/","logo":{"@type":"ImageObject","inLanguage":"de","@id":"https:\/\/dellarte.be\/de\/#\/schema\/logo\/image\/","url":"https:\/\/dellarte.be\/wp-content\/uploads\/2021\/12\/logo.png","contentUrl":"https:\/\/dellarte.be\/wp-content\/uploads\/2021\/12\/logo.png","width":258,"height":74,"caption":"Dellarte designvloeren"},"image":{"@id":"https:\/\/dellarte.be\/de\/#\/schema\/logo\/image\/"},"sameAs":["https:\/\/www.facebook.com\/Dellartedesignvloeren"]}]}},"_links":{"self":[{"href":"https:\/\/dellarte.be\/de\/wp-json\/wp\/v2\/pages\/26356","targetHints":{"allow":["GET"]}}],"collection":[{"href":"https:\/\/dellarte.be\/de\/wp-json\/wp\/v2\/pages"}],"about":[{"href":"https:\/\/dellarte.be\/de\/wp-json\/wp\/v2\/types\/page"}],"author":[{"embeddable":true,"href":"https:\/\/dellarte.be\/de\/wp-json\/wp\/v2\/users\/1"}],"replies":[{"embeddable":true,"href":"https:\/\/dellarte.be\/de\/wp-json\/wp\/v2\/comments?post=26356"}],"version-history":[{"count":1,"href":"https:\/\/dellarte.be\/de\/wp-json\/wp\/v2\/pages\/26356\/revisions"}],"predecessor-version":[{"id":26368,"href":"https:\/\/dellarte.be\/de\/wp-json\/wp\/v2\/pages\/26356\/revisions\/26368"}],"wp:attachment":[{"href":"https:\/\/dellarte.be\/de\/wp-json\/wp\/v2\/media?parent=26356"}],"curies":[{"name":"wp","href":"https:\/\/api.w.org\/{rel}","templated":true}]}}