{"id":26373,"date":"2022-01-05T21:34:37","date_gmt":"2022-01-05T20:34:37","guid":{"rendered":"https:\/\/dellarte.be\/boeden-glaetten\/"},"modified":"2025-01-08T20:41:59","modified_gmt":"2025-01-08T19:41:59","slug":"boeden-glaetten","status":"publish","type":"page","link":"https:\/\/dellarte.be\/de\/boeden-glaetten\/","title":{"rendered":"B\u00f6den gl\u00e4tten"},"content":{"rendered":"<p>[et_pb_section fb_built=&#8220;1&#8243; fullwidth=&#8220;on&#8220; _builder_version=&#8220;4.14.2&#8243; _module_preset=&#8220;default&#8220; global_colors_info=&#8220;{}&#8220;][et_pb_fullwidth_header title=&#8220;B\u00f6den gl\u00e4tten&#8220; _builder_version=&#8220;4.14.2&#8243; _module_preset=&#8220;default&#8220; box_shadow_style=&#8220;preset3&#8243; box_shadow_color=&#8220;#0a0000&#8243; global_colors_info=&#8220;{}&#8220;][\/et_pb_fullwidth_header][\/et_pb_section][et_pb_section fb_built=&#8220;1&#8243; _builder_version=&#8220;4.14.2&#8243; _module_preset=&#8220;default&#8220; global_colors_info=&#8220;{}&#8220;][et_pb_row _builder_version=&#8220;4.14.2&#8243; _module_preset=&#8220;default&#8220; global_colors_info=&#8220;{}&#8220;][et_pb_column type=&#8220;4_4&#8243; _builder_version=&#8220;4.14.2&#8243; _module_preset=&#8220;default&#8220; global_colors_info=&#8220;{}&#8220;][et_pb_text _builder_version=&#8220;4.14.2&#8243; _module_preset=&#8220;default&#8220; hover_enabled=&#8220;0&#8243; global_colors_info=&#8220;{}&#8220; sticky_enabled=&#8220;0&#8243;]<\/p>\n<h2>Allgemein<\/h2>\n<p>Wenn Sie einen robusten Boden w\u00fcnschen, der kratzfest und pflegeleicht ist, sollten Sie einen Spachtelboden in Betracht ziehen. Denn Spachtelb\u00f6den sind nicht nur robust und hygienisch, sondern bieten Ihnen auch zahlreiche andere Vorteile.<\/p>\n<p><a href=\"https:\/\/dellarte.be\/kontaktieren-sie-uns\/?lang=de\">Wenden Sie sich an uns<\/a>, um die richtige Art zu w\u00e4hlen. <br \/>Wir erkl\u00e4ren es Ihnen gerne. Sie k\u00f6nnen bereits in unseren<a href=\"https:\/\/dellarte.be\/errungenschaften\/?lang=de\">Realisierungen<\/a> st\u00f6bern, um Ideen zu bekommen.<\/p>\n<h2>Eigenschaften und Anwendungen<\/h2>\n<p>Ein Kellenboden wird auch als M\u00f6rtelboden bezeichnet und besteht aus fein gemahlenem Kies oder Quarzgranulat, das mit einem Epoxid-Kunstharz gebunden ist. Das Epoxidharz macht den Boden sehr widerstandsf\u00e4hig und verleiht ihm in Kombination mit den Beschichtungsschichten seinen spezifischen fl\u00fcssigkeitsdichten Charakter.<\/p>\n<p>Spachtelb\u00f6den werden in K\u00fcchen, Dusch- und Toilettenbereichen, in der Gastronomie und in industriellen Umgebungen verwendet. Diese Beliebtheit ist vor allem auf seine Verschlei\u00dffestigkeit und hygienische Beschaffenheit zur\u00fcckzuf\u00fchren.<\/p>\n<p>[\/et_pb_text][\/et_pb_column][\/et_pb_row][et_pb_row column_structure=&#8220;1_2,1_2&#8243; _builder_version=&#8220;4.14.2&#8243; _module_preset=&#8220;default&#8220; global_colors_info=&#8220;{}&#8220;][et_pb_column type=&#8220;1_2&#8243; _builder_version=&#8220;4.14.2&#8243; _module_preset=&#8220;default&#8220; global_colors_info=&#8220;{}&#8220;][et_pb_image src=&#8220;http:\/\/dellarte.be\/wp-content\/uploads\/2022\/01\/Troffelvloer.jpg&#8220; alt=&#8220;Boden gl\u00e4tten&#8220; title_text=&#8220;Boden gl\u00e4tten&#8220; _builder_version=&#8220;4.14.2&#8243; _module_preset=&#8220;default&#8220; global_colors_info=&#8220;{}&#8220;][\/et_pb_image][\/et_pb_column][et_pb_column type=&#8220;1_2&#8243; _builder_version=&#8220;4.14.2&#8243; _module_preset=&#8220;default&#8220; global_colors_info=&#8220;{}&#8220;][et_pb_text _builder_version=&#8220;4.14.2&#8243; _module_preset=&#8220;default&#8220; global_colors_info=&#8220;{}&#8220;]<\/p>\n<h2>Vorteile des Spachtelbodens<\/h2>\n<ul>\n<li>Stark, widerstandsf\u00e4hig und resistent gegen Chemikalien und S\u00e4uren.<\/li>\n<li>Nahtloser Boden, elegant und leicht zu reinigen.<\/li>\n<li>Die Kombination mit einer Fu\u00dfbodenheizung ist m\u00f6glich.<\/li>\n<li>Moderner industrieller Look.<\/li>\n<li>Wirkt schalld\u00e4mpfend (reduziert Trittschall).<\/li>\n<li>Rutschfest.<\/li>\n<\/ul>\n<p>[\/et_pb_text][\/et_pb_column][\/et_pb_row][et_pb_row _builder_version=&#8220;4.14.2&#8243; _module_preset=&#8220;default&#8220; global_colors_info=&#8220;{}&#8220;][et_pb_column type=&#8220;4_4&#8243; _builder_version=&#8220;4.14.2&#8243; _module_preset=&#8220;default&#8220; global_colors_info=&#8220;{}&#8220;][et_pb_text _builder_version=&#8220;4.14.2&#8243; _module_preset=&#8220;default&#8220; global_colors_info=&#8220;{}&#8220;]<\/p>\n<h2>Wartung<\/h2>\n<p>Spachtelb\u00f6den sind sehr pflegeleicht. Dieser Estrich ist fugenlos, fl\u00fcssigkeitsdicht und resistent gegen Chemikalien. Sie k\u00f6nnen den Staub einfach mit dem Staubsauger aufsaugen. Hartn\u00e4ckigen Schmutz und versch\u00fcttete Fl\u00fcssigkeiten k\u00f6nnen Sie mit warmem Wasser entfernen.<\/p>\n<p>[\/et_pb_text][\/et_pb_column][\/et_pb_row][\/et_pb_section]<\/p>\n","protected":false},"excerpt":{"rendered":"<p>Allgemein Wenn Sie einen robusten Boden w\u00fcnschen, der kratzfest und pflegeleicht ist, sollten Sie einen Spachtelboden in Betracht ziehen. Denn Spachtelb\u00f6den sind nicht nur robust und hygienisch, sondern bieten Ihnen auch zahlreiche andere Vorteile. Wenden Sie sich an uns, um die richtige Art zu w\u00e4hlen. Wir erkl\u00e4ren es Ihnen gerne. Sie k\u00f6nnen bereits in unserenRealisierungen [&hellip;]<\/p>\n","protected":false},"author":1,"featured_media":0,"parent":0,"menu_order":0,"comment_status":"closed","ping_status":"closed","template":"","meta":{"_et_pb_use_builder":"on","_et_pb_old_content":"","_et_gb_content_width":"","footnotes":""},"class_list":["post-26373","page","type-page","status-publish","hentry"],"yoast_head":"<!-- This site is optimized with the Yoast SEO plugin v27.6 - https:\/\/yoast.com\/product\/yoast-seo-wordpress\/ -->\n<title>B\u00f6den gl\u00e4tten - Dellarte designvloeren<\/title>\n<meta name=\"robots\" content=\"index, follow, max-snippet:-1, max-image-preview:large, max-video-preview:-1\" \/>\n<link rel=\"canonical\" href=\"https:\/\/dellarte.be\/de\/boeden-glaetten\/\" \/>\n<meta property=\"og:locale\" content=\"de_DE\" \/>\n<meta property=\"og:type\" content=\"article\" \/>\n<meta property=\"og:title\" content=\"B\u00f6den gl\u00e4tten - Dellarte designvloeren\" \/>\n<meta property=\"og:description\" content=\"Allgemein Wenn Sie einen robusten Boden w\u00fcnschen, der kratzfest und pflegeleicht ist, sollten Sie einen Spachtelboden in Betracht ziehen. Denn Spachtelb\u00f6den sind nicht nur robust und hygienisch, sondern bieten Ihnen auch zahlreiche andere Vorteile. Wenden Sie sich an uns, um die richtige Art zu w\u00e4hlen. Wir erkl\u00e4ren es Ihnen gerne. Sie k\u00f6nnen bereits in unserenRealisierungen [&hellip;]\" \/>\n<meta property=\"og:url\" content=\"https:\/\/dellarte.be\/de\/boeden-glaetten\/\" \/>\n<meta property=\"og:site_name\" content=\"Dellarte designvloeren\" \/>\n<meta property=\"article:publisher\" content=\"https:\/\/www.facebook.com\/Dellartedesignvloeren\" \/>\n<meta property=\"article:modified_time\" content=\"2025-01-08T19:41:59+00:00\" \/>\n<meta name=\"twitter:card\" content=\"summary_large_image\" \/>\n<meta name=\"twitter:label1\" content=\"Gesch\u00e4tzte Lesezeit\" \/>\n\t<meta name=\"twitter:data1\" content=\"2\u00a0Minuten\" \/>\n<script type=\"application\/ld+json\" class=\"yoast-schema-graph\">{\"@context\":\"https:\\\/\\\/schema.org\",\"@graph\":[{\"@type\":\"WebPage\",\"@id\":\"https:\\\/\\\/dellarte.be\\\/de\\\/boeden-glaetten\\\/\",\"url\":\"https:\\\/\\\/dellarte.be\\\/de\\\/boeden-glaetten\\\/\",\"name\":\"B\u00f6den gl\u00e4tten - Dellarte designvloeren\",\"isPartOf\":{\"@id\":\"https:\\\/\\\/dellarte.be\\\/de\\\/#website\"},\"datePublished\":\"2022-01-05T20:34:37+00:00\",\"dateModified\":\"2025-01-08T19:41:59+00:00\",\"breadcrumb\":{\"@id\":\"https:\\\/\\\/dellarte.be\\\/de\\\/boeden-glaetten\\\/#breadcrumb\"},\"inLanguage\":\"de\",\"potentialAction\":[{\"@type\":\"ReadAction\",\"target\":[\"https:\\\/\\\/dellarte.be\\\/de\\\/boeden-glaetten\\\/\"]}]},{\"@type\":\"BreadcrumbList\",\"@id\":\"https:\\\/\\\/dellarte.be\\\/de\\\/boeden-glaetten\\\/#breadcrumb\",\"itemListElement\":[{\"@type\":\"ListItem\",\"position\":1,\"name\":\"Home\",\"item\":\"https:\\\/\\\/dellarte.be\\\/de\\\/\"},{\"@type\":\"ListItem\",\"position\":2,\"name\":\"B\u00f6den gl\u00e4tten\"}]},{\"@type\":\"WebSite\",\"@id\":\"https:\\\/\\\/dellarte.be\\\/de\\\/#website\",\"url\":\"https:\\\/\\\/dellarte.be\\\/de\\\/\",\"name\":\"Dellarte designvloeren\",\"description\":\"Exclusieve vloeren te Turnhout\",\"publisher\":{\"@id\":\"https:\\\/\\\/dellarte.be\\\/de\\\/#organization\"},\"potentialAction\":[{\"@type\":\"SearchAction\",\"target\":{\"@type\":\"EntryPoint\",\"urlTemplate\":\"https:\\\/\\\/dellarte.be\\\/de\\\/?s={search_term_string}\"},\"query-input\":{\"@type\":\"PropertyValueSpecification\",\"valueRequired\":true,\"valueName\":\"search_term_string\"}}],\"inLanguage\":\"de\"},{\"@type\":\"Organization\",\"@id\":\"https:\\\/\\\/dellarte.be\\\/de\\\/#organization\",\"name\":\"Dellarte designvloeren\",\"url\":\"https:\\\/\\\/dellarte.be\\\/de\\\/\",\"logo\":{\"@type\":\"ImageObject\",\"inLanguage\":\"de\",\"@id\":\"https:\\\/\\\/dellarte.be\\\/de\\\/#\\\/schema\\\/logo\\\/image\\\/\",\"url\":\"https:\\\/\\\/dellarte.be\\\/wp-content\\\/uploads\\\/2021\\\/12\\\/logo.png\",\"contentUrl\":\"https:\\\/\\\/dellarte.be\\\/wp-content\\\/uploads\\\/2021\\\/12\\\/logo.png\",\"width\":258,\"height\":74,\"caption\":\"Dellarte designvloeren\"},\"image\":{\"@id\":\"https:\\\/\\\/dellarte.be\\\/de\\\/#\\\/schema\\\/logo\\\/image\\\/\"},\"sameAs\":[\"https:\\\/\\\/www.facebook.com\\\/Dellartedesignvloeren\"]}]}<\/script>\n<!-- \/ Yoast SEO plugin. -->","yoast_head_json":{"title":"B\u00f6den gl\u00e4tten - Dellarte designvloeren","robots":{"index":"index","follow":"follow","max-snippet":"max-snippet:-1","max-image-preview":"max-image-preview:large","max-video-preview":"max-video-preview:-1"},"canonical":"https:\/\/dellarte.be\/de\/boeden-glaetten\/","og_locale":"de_DE","og_type":"article","og_title":"B\u00f6den gl\u00e4tten - Dellarte designvloeren","og_description":"Allgemein Wenn Sie einen robusten Boden w\u00fcnschen, der kratzfest und pflegeleicht ist, sollten Sie einen Spachtelboden in Betracht ziehen. Denn Spachtelb\u00f6den sind nicht nur robust und hygienisch, sondern bieten Ihnen auch zahlreiche andere Vorteile. Wenden Sie sich an uns, um die richtige Art zu w\u00e4hlen. Wir erkl\u00e4ren es Ihnen gerne. Sie k\u00f6nnen bereits in unserenRealisierungen [&hellip;]","og_url":"https:\/\/dellarte.be\/de\/boeden-glaetten\/","og_site_name":"Dellarte designvloeren","article_publisher":"https:\/\/www.facebook.com\/Dellartedesignvloeren","article_modified_time":"2025-01-08T19:41:59+00:00","twitter_card":"summary_large_image","twitter_misc":{"Gesch\u00e4tzte Lesezeit":"2\u00a0Minuten"},"schema":{"@context":"https:\/\/schema.org","@graph":[{"@type":"WebPage","@id":"https:\/\/dellarte.be\/de\/boeden-glaetten\/","url":"https:\/\/dellarte.be\/de\/boeden-glaetten\/","name":"B\u00f6den gl\u00e4tten - Dellarte designvloeren","isPartOf":{"@id":"https:\/\/dellarte.be\/de\/#website"},"datePublished":"2022-01-05T20:34:37+00:00","dateModified":"2025-01-08T19:41:59+00:00","breadcrumb":{"@id":"https:\/\/dellarte.be\/de\/boeden-glaetten\/#breadcrumb"},"inLanguage":"de","potentialAction":[{"@type":"ReadAction","target":["https:\/\/dellarte.be\/de\/boeden-glaetten\/"]}]},{"@type":"BreadcrumbList","@id":"https:\/\/dellarte.be\/de\/boeden-glaetten\/#breadcrumb","itemListElement":[{"@type":"ListItem","position":1,"name":"Home","item":"https:\/\/dellarte.be\/de\/"},{"@type":"ListItem","position":2,"name":"B\u00f6den gl\u00e4tten"}]},{"@type":"WebSite","@id":"https:\/\/dellarte.be\/de\/#website","url":"https:\/\/dellarte.be\/de\/","name":"Dellarte designvloeren","description":"Exclusieve vloeren te Turnhout","publisher":{"@id":"https:\/\/dellarte.be\/de\/#organization"},"potentialAction":[{"@type":"SearchAction","target":{"@type":"EntryPoint","urlTemplate":"https:\/\/dellarte.be\/de\/?s={search_term_string}"},"query-input":{"@type":"PropertyValueSpecification","valueRequired":true,"valueName":"search_term_string"}}],"inLanguage":"de"},{"@type":"Organization","@id":"https:\/\/dellarte.be\/de\/#organization","name":"Dellarte designvloeren","url":"https:\/\/dellarte.be\/de\/","logo":{"@type":"ImageObject","inLanguage":"de","@id":"https:\/\/dellarte.be\/de\/#\/schema\/logo\/image\/","url":"https:\/\/dellarte.be\/wp-content\/uploads\/2021\/12\/logo.png","contentUrl":"https:\/\/dellarte.be\/wp-content\/uploads\/2021\/12\/logo.png","width":258,"height":74,"caption":"Dellarte designvloeren"},"image":{"@id":"https:\/\/dellarte.be\/de\/#\/schema\/logo\/image\/"},"sameAs":["https:\/\/www.facebook.com\/Dellartedesignvloeren"]}]}},"_links":{"self":[{"href":"https:\/\/dellarte.be\/de\/wp-json\/wp\/v2\/pages\/26373","targetHints":{"allow":["GET"]}}],"collection":[{"href":"https:\/\/dellarte.be\/de\/wp-json\/wp\/v2\/pages"}],"about":[{"href":"https:\/\/dellarte.be\/de\/wp-json\/wp\/v2\/types\/page"}],"author":[{"embeddable":true,"href":"https:\/\/dellarte.be\/de\/wp-json\/wp\/v2\/users\/1"}],"replies":[{"embeddable":true,"href":"https:\/\/dellarte.be\/de\/wp-json\/wp\/v2\/comments?post=26373"}],"version-history":[{"count":1,"href":"https:\/\/dellarte.be\/de\/wp-json\/wp\/v2\/pages\/26373\/revisions"}],"predecessor-version":[{"id":26382,"href":"https:\/\/dellarte.be\/de\/wp-json\/wp\/v2\/pages\/26373\/revisions\/26382"}],"wp:attachment":[{"href":"https:\/\/dellarte.be\/de\/wp-json\/wp\/v2\/media?parent=26373"}],"curies":[{"name":"wp","href":"https:\/\/api.w.org\/{rel}","templated":true}]}}