{"id":26413,"date":"2024-11-26T21:46:11","date_gmt":"2024-11-26T20:46:11","guid":{"rendered":"https:\/\/dellarte.be\/microtopping\/"},"modified":"2025-01-08T20:42:03","modified_gmt":"2025-01-08T19:42:03","slug":"microtopping","status":"publish","type":"page","link":"https:\/\/dellarte.be\/de\/microtopping\/","title":{"rendered":"Microtopping"},"content":{"rendered":"<p>[et_pb_section fb_built=&#8220;1&#8243; fullwidth=&#8220;on&#8220; _builder_version=&#8220;4.16&#8243; _module_preset=&#8220;default&#8220; locked=&#8220;off&#8220; global_colors_info=&#8220;{}&#8220;][et_pb_fullwidth_header title=&#8220;Microtopping&#8220; _builder_version=&#8220;4.16&#8243; _module_preset=&#8220;default&#8220; box_shadow_style=&#8220;preset3&#8243; box_shadow_color=&#8220;#0a0000&#8243; global_colors_info=&#8220;{}&#8220;][\/et_pb_fullwidth_header][\/et_pb_section][et_pb_section fb_built=&#8220;1&#8243; _builder_version=&#8220;4.16&#8243; _module_preset=&#8220;default&#8220; locked=&#8220;off&#8220; global_colors_info=&#8220;{}&#8220;][et_pb_row _builder_version=&#8220;4.16&#8243; _module_preset=&#8220;default&#8220; global_colors_info=&#8220;{}&#8220;][et_pb_column type=&#8220;4_4&#8243; _builder_version=&#8220;4.16&#8243; _module_preset=&#8220;default&#8220; global_colors_info=&#8220;{}&#8220;][et_pb_text _builder_version=&#8220;4.27.4&#8243; _module_preset=&#8220;default&#8220; global_colors_info=&#8220;{}&#8220;]<\/p>\n<h2>Allgemein<\/h2>\n<p>Microtopping, auch bekannt als Mikrozement, ist eine innovative und vielseitige Deckschicht f\u00fcr B\u00f6den und W\u00e4nde. Diese d\u00fcnne, nur 1-3 mm dicke Schicht besteht aus einer Mischung aus Zement, Kunstharz und Pigmenten.<br \/>Dadurch erhalten Sie eine glatte, nahtlose Oberfl\u00e4che mit Betonoptik. Es ist eine vielseitige und moderne Deckschicht, die immer beliebter wird. Obwohl sie oft mit stilvollen Fu\u00dfb\u00f6den in Verbindung gebracht wird, sind die Anwendungsm\u00f6glichkeiten von Microtopping eigentlich fast grenzenlos.   <\/p>\n<p>[\/et_pb_text][\/et_pb_column][\/et_pb_row][et_pb_row _builder_version=&#8220;4.16&#8243; _module_preset=&#8220;default&#8220; global_colors_info=&#8220;{}&#8220;][et_pb_column type=&#8220;4_4&#8243; _builder_version=&#8220;4.16&#8243; _module_preset=&#8220;default&#8220; global_colors_info=&#8220;{}&#8220;][et_pb_text _builder_version=&#8220;4.27.4&#8243; _module_preset=&#8220;default&#8220; global_colors_info=&#8220;{}&#8220;]<\/p>\n<p><a href=\"https:\/\/dellarte.be\/kontaktieren-sie-uns\/?lang=de\">Nehmen Sie Kontakt mit uns auf<\/a>, um den richtigen Typ auszuw\u00e4hlen.<br \/>Wir erkl\u00e4ren es Ihnen gerne. Sie k\u00f6nnen bereits in unseren<a href=\"https:\/\/dellarte.be\/errungenschaften\/?lang=de\">Realisierungen<\/a> st\u00f6bern, um Ideen zu bekommen. <\/p>\n<p>[\/et_pb_text][et_pb_image src=&#8220;https:\/\/dellarte.be\/wp-content\/uploads\/2024\/11\/widescreen-microtopping.jpg&#8220; alt=&#8220;M\u00f6bel: Microtopping kann verwendet werden, um M\u00f6beln einen einzigartigen und industriellen Look zu verleihen. Denken Sie an Tischplatten, Schr\u00e4nke und sogar Badezimmerm\u00f6bel. Treppen: Die fugenlose Oberfl\u00e4che macht Treppen mit Microtopping nicht nur sch\u00f6n, sondern auch sicher. Decken: F\u00fcr einen wirklich einzigartigen Look kann Microtopping auch an Decken angebracht werden. Au\u00dfenbereiche: Mit den richtigen Produkten und der richtigen Behandlung ist Microtopping auch f\u00fcr Au\u00dfenbereiche geeignet. Denken Sie an Terrassen, Balkone und sogar Fassaden. Badezimmer: Dank seiner wasserabweisenden Eigenschaften ist Microtopping perfekt f\u00fcr den Einsatz in Badezimmern geeignet. Es kann sogar f\u00fcr Duschen und Waschbecken verwendet werden.       &#8220; title_text=&#8220;Widescreen-Microtopping&#8220; _builder_version=&#8220;4.27.4&#8243; _module_preset=&#8220;default&#8220; global_colors_info=&#8220;{}&#8220;][\/et_pb_image][\/et_pb_column][\/et_pb_row][et_pb_row column_structure=&#8220;1_2,1_2&#8243; _builder_version=&#8220;4.16&#8243; _module_preset=&#8220;default&#8220; global_colors_info=&#8220;{}&#8220;][et_pb_column type=&#8220;1_2&#8243; _builder_version=&#8220;4.16&#8243; _module_preset=&#8220;default&#8220; global_colors_info=&#8220;{}&#8220;][et_pb_text _builder_version=&#8220;4.27.4&#8243; _module_preset=&#8220;default&#8220; global_colors_info=&#8220;{}&#8220;]<\/p>\n<h2>Traditionelle Anwendungen<\/h2>\n<ul>\n<li><strong>Bodenbelag:<\/strong> Microtopping wird h\u00e4ufig verwendet, um einen nahtlosen, modernen und langlebigen Boden zu schaffen. Es ist sowohl f\u00fcr Wohn- als auch f\u00fcr Gesch\u00e4ftsr\u00e4ume geeignet. <\/li>\n<li><strong>W\u00e4nde:<\/strong> Mit seiner d\u00fcnnen Schicht und den vielen Farboptionen ist Microtopping ideal, um W\u00e4nden einen einzigartigen Look zu verleihen. Es kann in B\u00e4dern, K\u00fcchen, Wohnzimmern und sogar B\u00fcros verwendet werden. <\/li>\n<\/ul>\n<p>[\/et_pb_text][\/et_pb_column][et_pb_column type=&#8220;1_2&#8243; _builder_version=&#8220;4.16&#8243; _module_preset=&#8220;default&#8220; global_colors_info=&#8220;{}&#8220;][et_pb_text _builder_version=&#8220;4.27.4&#8243; _module_preset=&#8220;default&#8220; global_colors_info=&#8220;{}&#8220;]<\/p>\n<h2>Alternative Anwendungen<\/h2>\n<ul>\n<li data-sourcepos=\"12:1-12:149\"><strong>M\u00f6bel:<\/strong> Microtopping kann verwendet werden, um M\u00f6beln einen einzigartigen und industriellen Look zu verleihen. Denken Sie an Tischplatten, Schr\u00e4nke und sogar Badezimmerm\u00f6bel. <\/li>\n<li data-sourcepos=\"13:1-13:106\"><strong>Treppe:<\/strong> Die fugenlose Oberfl\u00e4che macht Mikrotreppen nicht nur sch\u00f6n, sondern auch sicher.<\/li>\n<li data-sourcepos=\"14:1-14:101\"><strong>Decken:<\/strong> F\u00fcr einen wirklich einzigartigen Look kann Microtopping auch an Decken angebracht werden.<\/li>\n<li data-sourcepos=\"15:1-15:146\"><strong>Au\u00dfenbereiche:<\/strong> Mit den richtigen Produkten und der richtigen Behandlung ist Microtopping auch f\u00fcr Au\u00dfenbereiche geeignet. Denken Sie an Terrassen, Balkone und sogar Fassaden. <\/li>\n<li data-sourcepos=\"16:1-17:0\"><strong>Badezimmer:<\/strong> Aufgrund seiner wasserabweisenden Eigenschaften ist Microtopping perfekt f\u00fcr den Einsatz in Badezimmern geeignet. Es kann sogar f\u00fcr Duschen und Waschbecken verwendet werden. <\/li>\n<\/ul>\n<p>[\/et_pb_text][\/et_pb_column][\/et_pb_row][et_pb_row column_structure=&#8220;1_2,1_2&#8243; _builder_version=&#8220;4.16&#8243; _module_preset=&#8220;default&#8220; global_colors_info=&#8220;{}&#8220;][et_pb_column type=&#8220;1_2&#8243; _builder_version=&#8220;4.16&#8243; _module_preset=&#8220;default&#8220; global_colors_info=&#8220;{}&#8220;][et_pb_text _builder_version=&#8220;4.27.4&#8243; _module_preset=&#8220;default&#8220; global_colors_info=&#8220;{}&#8220;]<\/p>\n<h3 data-sourcepos=\"18:1-18:34\">Die Vorteile von Microtopping:<\/h3>\n<ul data-sourcepos=\"20:1-26:0\">\n<li data-sourcepos=\"20:1-20:66\"><strong>Vielseitig:<\/strong> Kann auf fast jeder Oberfl\u00e4che angebracht werden.<\/li>\n<li data-sourcepos=\"21:1-21:57\"><strong>Langlebig:<\/strong> Widerstandsf\u00e4hig gegen Abnutzung, Feuchtigkeit und Flecken.<\/li>\n<li data-sourcepos=\"22:1-22:66\"><strong>Nahtlos:<\/strong> Erzeugt ein elegantes, einheitliches Aussehen ohne Fugen.<\/li>\n<li data-sourcepos=\"23:1-23:55\"><strong>Leicht zu reinigen<\/strong>.<\/li>\n<li data-sourcepos=\"24:1-24:77\"><strong>Viele Farben:<\/strong> W\u00e4hlen Sie aus einer umfangreichen Palette von Farben und Ausf\u00fchrungen.<\/li>\n<li data-sourcepos=\"25:1-26:0\"><strong>D\u00fcnn:<\/strong> Die Schicht ist nur 1-3 mm dick, so dass sie nur minimale Auswirkungen auf den Raum hat.<\/li>\n<\/ul>\n<p>[\/et_pb_text][\/et_pb_column][et_pb_column type=&#8220;1_2&#8243; _builder_version=&#8220;4.16&#8243; _module_preset=&#8220;default&#8220; global_colors_info=&#8220;{}&#8220;][et_pb_image src=&#8220;https:\/\/dellarte.be\/wp-content\/uploads\/2024\/11\/Afbeelding-van-WhatsApp-op-2024-11-24-om-21.02.24_d244abd3.jpg&#8220; alt=&#8220;Microtopping&#8220; title_text=&#8220;Bild von WhatsApp am 2024-11-24 um 21.02.24_d244abd3&#8243; _builder_version=&#8220;4.27.4&#8243; _module_preset=&#8220;default&#8220; global_colors_info=&#8220;{}&#8220;][\/et_pb_image][\/et_pb_column][\/et_pb_row][et_pb_row column_structure=&#8220;1_2,1_2&#8243; _builder_version=&#8220;4.16&#8243; _module_preset=&#8220;default&#8220; global_colors_info=&#8220;{}&#8220;][et_pb_column type=&#8220;1_2&#8243; _builder_version=&#8220;4.16&#8243; _module_preset=&#8220;default&#8220; global_colors_info=&#8220;{}&#8220;][et_pb_image src=&#8220;https:\/\/dellarte.be\/wp-content\/uploads\/2024\/11\/Afbeelding-van-WhatsApp-op-2024-11-24-om-21.02.24_9c0835ba.jpg&#8220; alt=&#8220;Microtopping-Wand&#8220; title_text=&#8220;Bild von WhatsApp am 2024-11-24 um 21.02.24_9c0835ba&#8220; _builder_version=&#8220;4.27.4&#8243; _module_preset=&#8220;default&#8220; global_colors_info=&#8220;{}&#8220;][\/et_pb_image][\/et_pb_column][et_pb_column type=&#8220;1_2&#8243; _builder_version=&#8220;4.16&#8243; _module_preset=&#8220;default&#8220; global_colors_info=&#8220;{}&#8220;][et_pb_text _builder_version=&#8220;4.27.4&#8243; _module_preset=&#8220;default&#8220; global_colors_info=&#8220;{}&#8220;]<\/p>\n<h3 data-sourcepos=\"3:1-3:39\"><strong>Pflege Ihres Microtopping-Bodens<\/strong><\/h3>\n<p data-sourcepos=\"5:1-5:456\">Ein Microtopping-Boden erfordert regelm\u00e4\u00dfige Pflege, um seine Sch\u00f6nheit zu erhalten. Saugen oder fegen Sie regelm\u00e4\u00dfig und wischen Sie mit einem leicht feuchten Mopp und einem pH-neutralen Reinigungsmittel. Vermeiden Sie scharfe Reinigungsmittel, Scheuermittel und Bleichmittel. F\u00fcr die Tiefenreinigung k\u00f6nnen Sie ein spezielles Reinigungsmittel verwenden. Sch\u00fctzen Sie den Boden regelm\u00e4\u00dfig mit einem Schutzanstrich. Legen Sie Filze unter die M\u00f6bel und bitten Sie die G\u00e4ste, drinnen die Schuhe auszuziehen.<\/p>\n<h3 data-sourcepos=\"7:1-7:15\"><strong>Zusammenfassung:<\/strong><\/h3>\n<ul data-sourcepos=\"9:1-12:0\">\n<li data-sourcepos=\"9:1-9:70\"><strong>T\u00e4glich:<\/strong> Saugen\/Wischen, Wischen mit einem pH-neutralen Mittel.<\/li>\n<li data-sourcepos=\"10:1-10:58\"><strong>Regelm\u00e4\u00dfig:<\/strong> Tiefenreinigung, Auftragen einer Schutzschicht.<\/li>\n<li data-sourcepos=\"11:1-12:0\"><strong>Vermeiden Sie:<\/strong> Aggressive Mittel, Scheuermittel, hei\u00dfes Wasser, scharfe Gegenst\u00e4nde, Wasser\u00fcberflutung.<\/li>\n<\/ul>\n<p>[\/et_pb_text][\/et_pb_column][\/et_pb_row][et_pb_row _builder_version=&#8220;4.27.4&#8243; _module_preset=&#8220;default&#8220; global_colors_info=&#8220;{}&#8220;][et_pb_column type=&#8220;4_4&#8243; _builder_version=&#8220;4.27.4&#8243; _module_preset=&#8220;default&#8220; global_colors_info=&#8220;{}&#8220;][dmg_masonry_gallery gallery=&#8220;25941,25951,25943,25944,25945,25946,25947,25948,25949,25942,25950&#8243; columns=&#8220;4&#8243; randomize=&#8220;on&#8220; _builder_version=&#8220;4.27.4&#8243; _module_preset=&#8220;default&#8220; global_colors_info=&#8220;{}&#8220;][\/dmg_masonry_gallery][\/et_pb_column][\/et_pb_row][\/et_pb_section]<\/p>\n","protected":false},"excerpt":{"rendered":"<p>Allgemein Microtopping, auch bekannt als Mikrozement, ist eine innovative und vielseitige Deckschicht f\u00fcr B\u00f6den und W\u00e4nde. Diese d\u00fcnne, nur 1-3 mm dicke Schicht besteht aus einer Mischung aus Zement, Kunstharz und Pigmenten.Dadurch erhalten Sie eine glatte, nahtlose Oberfl\u00e4che mit Betonoptik. Es ist eine vielseitige und moderne Deckschicht, die immer beliebter wird. Obwohl sie oft mit [&hellip;]<\/p>\n","protected":false},"author":1,"featured_media":26181,"parent":0,"menu_order":0,"comment_status":"closed","ping_status":"closed","template":"","meta":{"_et_pb_use_builder":"on","_et_pb_old_content":"","_et_gb_content_width":"","footnotes":""},"class_list":["post-26413","page","type-page","status-publish","has-post-thumbnail","hentry"],"yoast_head":"<!-- This site is optimized with the Yoast SEO plugin v27.5 - https:\/\/yoast.com\/product\/yoast-seo-wordpress\/ -->\n<title>Microtopping - Dellarte designvloeren<\/title>\n<meta name=\"robots\" content=\"index, follow, max-snippet:-1, max-image-preview:large, max-video-preview:-1\" \/>\n<link rel=\"canonical\" href=\"https:\/\/dellarte.be\/de\/microtopping\/\" \/>\n<meta property=\"og:locale\" content=\"de_DE\" \/>\n<meta property=\"og:type\" content=\"article\" \/>\n<meta property=\"og:title\" content=\"Microtopping - Dellarte designvloeren\" \/>\n<meta property=\"og:description\" content=\"Allgemein Microtopping, auch bekannt als Mikrozement, ist eine innovative und vielseitige Deckschicht f\u00fcr B\u00f6den und W\u00e4nde. Diese d\u00fcnne, nur 1-3 mm dicke Schicht besteht aus einer Mischung aus Zement, Kunstharz und Pigmenten.Dadurch erhalten Sie eine glatte, nahtlose Oberfl\u00e4che mit Betonoptik. Es ist eine vielseitige und moderne Deckschicht, die immer beliebter wird. Obwohl sie oft mit [&hellip;]\" \/>\n<meta property=\"og:url\" content=\"https:\/\/dellarte.be\/de\/microtopping\/\" \/>\n<meta property=\"og:site_name\" content=\"Dellarte designvloeren\" \/>\n<meta property=\"article:publisher\" content=\"https:\/\/www.facebook.com\/Dellartedesignvloeren\" \/>\n<meta property=\"article:modified_time\" content=\"2025-01-08T19:42:03+00:00\" \/>\n<meta property=\"og:image\" content=\"https:\/\/dellarte.be\/wp-content\/uploads\/2024\/11\/Afbeelding-van-WhatsApp-op-2024-11-24-om-21.02.24_d244abd3.jpg\" \/>\n\t<meta property=\"og:image:width\" content=\"1600\" \/>\n\t<meta property=\"og:image:height\" content=\"1200\" \/>\n\t<meta property=\"og:image:type\" content=\"image\/jpeg\" \/>\n<meta name=\"twitter:card\" content=\"summary_large_image\" \/>\n<meta name=\"twitter:label1\" content=\"Gesch\u00e4tzte Lesezeit\" \/>\n\t<meta name=\"twitter:data1\" content=\"5\u00a0Minuten\" \/>\n<script type=\"application\/ld+json\" class=\"yoast-schema-graph\">{\"@context\":\"https:\\\/\\\/schema.org\",\"@graph\":[{\"@type\":\"WebPage\",\"@id\":\"https:\\\/\\\/dellarte.be\\\/de\\\/microtopping\\\/\",\"url\":\"https:\\\/\\\/dellarte.be\\\/de\\\/microtopping\\\/\",\"name\":\"Microtopping - Dellarte designvloeren\",\"isPartOf\":{\"@id\":\"https:\\\/\\\/dellarte.be\\\/de\\\/#website\"},\"primaryImageOfPage\":{\"@id\":\"https:\\\/\\\/dellarte.be\\\/de\\\/microtopping\\\/#primaryimage\"},\"image\":{\"@id\":\"https:\\\/\\\/dellarte.be\\\/de\\\/microtopping\\\/#primaryimage\"},\"thumbnailUrl\":\"https:\\\/\\\/dellarte.be\\\/wp-content\\\/uploads\\\/2024\\\/11\\\/Afbeelding-van-WhatsApp-op-2024-11-24-om-21.02.24_d244abd3.jpg\",\"datePublished\":\"2024-11-26T20:46:11+00:00\",\"dateModified\":\"2025-01-08T19:42:03+00:00\",\"breadcrumb\":{\"@id\":\"https:\\\/\\\/dellarte.be\\\/de\\\/microtopping\\\/#breadcrumb\"},\"inLanguage\":\"de\",\"potentialAction\":[{\"@type\":\"ReadAction\",\"target\":[\"https:\\\/\\\/dellarte.be\\\/de\\\/microtopping\\\/\"]}]},{\"@type\":\"ImageObject\",\"inLanguage\":\"de\",\"@id\":\"https:\\\/\\\/dellarte.be\\\/de\\\/microtopping\\\/#primaryimage\",\"url\":\"https:\\\/\\\/dellarte.be\\\/wp-content\\\/uploads\\\/2024\\\/11\\\/Afbeelding-van-WhatsApp-op-2024-11-24-om-21.02.24_d244abd3.jpg\",\"contentUrl\":\"https:\\\/\\\/dellarte.be\\\/wp-content\\\/uploads\\\/2024\\\/11\\\/Afbeelding-van-WhatsApp-op-2024-11-24-om-21.02.24_d244abd3.jpg\",\"width\":1600,\"height\":1200},{\"@type\":\"BreadcrumbList\",\"@id\":\"https:\\\/\\\/dellarte.be\\\/de\\\/microtopping\\\/#breadcrumb\",\"itemListElement\":[{\"@type\":\"ListItem\",\"position\":1,\"name\":\"Home\",\"item\":\"https:\\\/\\\/dellarte.be\\\/de\\\/\"},{\"@type\":\"ListItem\",\"position\":2,\"name\":\"Microtopping\"}]},{\"@type\":\"WebSite\",\"@id\":\"https:\\\/\\\/dellarte.be\\\/de\\\/#website\",\"url\":\"https:\\\/\\\/dellarte.be\\\/de\\\/\",\"name\":\"Dellarte designvloeren\",\"description\":\"Exclusieve vloeren te Turnhout\",\"publisher\":{\"@id\":\"https:\\\/\\\/dellarte.be\\\/de\\\/#organization\"},\"potentialAction\":[{\"@type\":\"SearchAction\",\"target\":{\"@type\":\"EntryPoint\",\"urlTemplate\":\"https:\\\/\\\/dellarte.be\\\/de\\\/?s={search_term_string}\"},\"query-input\":{\"@type\":\"PropertyValueSpecification\",\"valueRequired\":true,\"valueName\":\"search_term_string\"}}],\"inLanguage\":\"de\"},{\"@type\":\"Organization\",\"@id\":\"https:\\\/\\\/dellarte.be\\\/de\\\/#organization\",\"name\":\"Dellarte designvloeren\",\"url\":\"https:\\\/\\\/dellarte.be\\\/de\\\/\",\"logo\":{\"@type\":\"ImageObject\",\"inLanguage\":\"de\",\"@id\":\"https:\\\/\\\/dellarte.be\\\/de\\\/#\\\/schema\\\/logo\\\/image\\\/\",\"url\":\"https:\\\/\\\/dellarte.be\\\/wp-content\\\/uploads\\\/2021\\\/12\\\/logo.png\",\"contentUrl\":\"https:\\\/\\\/dellarte.be\\\/wp-content\\\/uploads\\\/2021\\\/12\\\/logo.png\",\"width\":258,\"height\":74,\"caption\":\"Dellarte designvloeren\"},\"image\":{\"@id\":\"https:\\\/\\\/dellarte.be\\\/de\\\/#\\\/schema\\\/logo\\\/image\\\/\"},\"sameAs\":[\"https:\\\/\\\/www.facebook.com\\\/Dellartedesignvloeren\"]}]}<\/script>\n<!-- \/ Yoast SEO plugin. -->","yoast_head_json":{"title":"Microtopping - Dellarte designvloeren","robots":{"index":"index","follow":"follow","max-snippet":"max-snippet:-1","max-image-preview":"max-image-preview:large","max-video-preview":"max-video-preview:-1"},"canonical":"https:\/\/dellarte.be\/de\/microtopping\/","og_locale":"de_DE","og_type":"article","og_title":"Microtopping - Dellarte designvloeren","og_description":"Allgemein Microtopping, auch bekannt als Mikrozement, ist eine innovative und vielseitige Deckschicht f\u00fcr B\u00f6den und W\u00e4nde. Diese d\u00fcnne, nur 1-3 mm dicke Schicht besteht aus einer Mischung aus Zement, Kunstharz und Pigmenten.Dadurch erhalten Sie eine glatte, nahtlose Oberfl\u00e4che mit Betonoptik. Es ist eine vielseitige und moderne Deckschicht, die immer beliebter wird. Obwohl sie oft mit [&hellip;]","og_url":"https:\/\/dellarte.be\/de\/microtopping\/","og_site_name":"Dellarte designvloeren","article_publisher":"https:\/\/www.facebook.com\/Dellartedesignvloeren","article_modified_time":"2025-01-08T19:42:03+00:00","og_image":[{"width":1600,"height":1200,"url":"https:\/\/dellarte.be\/wp-content\/uploads\/2024\/11\/Afbeelding-van-WhatsApp-op-2024-11-24-om-21.02.24_d244abd3.jpg","type":"image\/jpeg"}],"twitter_card":"summary_large_image","twitter_misc":{"Gesch\u00e4tzte Lesezeit":"5\u00a0Minuten"},"schema":{"@context":"https:\/\/schema.org","@graph":[{"@type":"WebPage","@id":"https:\/\/dellarte.be\/de\/microtopping\/","url":"https:\/\/dellarte.be\/de\/microtopping\/","name":"Microtopping - Dellarte designvloeren","isPartOf":{"@id":"https:\/\/dellarte.be\/de\/#website"},"primaryImageOfPage":{"@id":"https:\/\/dellarte.be\/de\/microtopping\/#primaryimage"},"image":{"@id":"https:\/\/dellarte.be\/de\/microtopping\/#primaryimage"},"thumbnailUrl":"https:\/\/dellarte.be\/wp-content\/uploads\/2024\/11\/Afbeelding-van-WhatsApp-op-2024-11-24-om-21.02.24_d244abd3.jpg","datePublished":"2024-11-26T20:46:11+00:00","dateModified":"2025-01-08T19:42:03+00:00","breadcrumb":{"@id":"https:\/\/dellarte.be\/de\/microtopping\/#breadcrumb"},"inLanguage":"de","potentialAction":[{"@type":"ReadAction","target":["https:\/\/dellarte.be\/de\/microtopping\/"]}]},{"@type":"ImageObject","inLanguage":"de","@id":"https:\/\/dellarte.be\/de\/microtopping\/#primaryimage","url":"https:\/\/dellarte.be\/wp-content\/uploads\/2024\/11\/Afbeelding-van-WhatsApp-op-2024-11-24-om-21.02.24_d244abd3.jpg","contentUrl":"https:\/\/dellarte.be\/wp-content\/uploads\/2024\/11\/Afbeelding-van-WhatsApp-op-2024-11-24-om-21.02.24_d244abd3.jpg","width":1600,"height":1200},{"@type":"BreadcrumbList","@id":"https:\/\/dellarte.be\/de\/microtopping\/#breadcrumb","itemListElement":[{"@type":"ListItem","position":1,"name":"Home","item":"https:\/\/dellarte.be\/de\/"},{"@type":"ListItem","position":2,"name":"Microtopping"}]},{"@type":"WebSite","@id":"https:\/\/dellarte.be\/de\/#website","url":"https:\/\/dellarte.be\/de\/","name":"Dellarte designvloeren","description":"Exclusieve vloeren te Turnhout","publisher":{"@id":"https:\/\/dellarte.be\/de\/#organization"},"potentialAction":[{"@type":"SearchAction","target":{"@type":"EntryPoint","urlTemplate":"https:\/\/dellarte.be\/de\/?s={search_term_string}"},"query-input":{"@type":"PropertyValueSpecification","valueRequired":true,"valueName":"search_term_string"}}],"inLanguage":"de"},{"@type":"Organization","@id":"https:\/\/dellarte.be\/de\/#organization","name":"Dellarte designvloeren","url":"https:\/\/dellarte.be\/de\/","logo":{"@type":"ImageObject","inLanguage":"de","@id":"https:\/\/dellarte.be\/de\/#\/schema\/logo\/image\/","url":"https:\/\/dellarte.be\/wp-content\/uploads\/2021\/12\/logo.png","contentUrl":"https:\/\/dellarte.be\/wp-content\/uploads\/2021\/12\/logo.png","width":258,"height":74,"caption":"Dellarte designvloeren"},"image":{"@id":"https:\/\/dellarte.be\/de\/#\/schema\/logo\/image\/"},"sameAs":["https:\/\/www.facebook.com\/Dellartedesignvloeren"]}]}},"_links":{"self":[{"href":"https:\/\/dellarte.be\/de\/wp-json\/wp\/v2\/pages\/26413","targetHints":{"allow":["GET"]}}],"collection":[{"href":"https:\/\/dellarte.be\/de\/wp-json\/wp\/v2\/pages"}],"about":[{"href":"https:\/\/dellarte.be\/de\/wp-json\/wp\/v2\/types\/page"}],"author":[{"embeddable":true,"href":"https:\/\/dellarte.be\/de\/wp-json\/wp\/v2\/users\/1"}],"replies":[{"embeddable":true,"href":"https:\/\/dellarte.be\/de\/wp-json\/wp\/v2\/comments?post=26413"}],"version-history":[{"count":1,"href":"https:\/\/dellarte.be\/de\/wp-json\/wp\/v2\/pages\/26413\/revisions"}],"predecessor-version":[{"id":26422,"href":"https:\/\/dellarte.be\/de\/wp-json\/wp\/v2\/pages\/26413\/revisions\/26422"}],"wp:featuredmedia":[{"embeddable":true,"href":"https:\/\/dellarte.be\/de\/wp-json\/wp\/v2\/media\/26181"}],"wp:attachment":[{"href":"https:\/\/dellarte.be\/de\/wp-json\/wp\/v2\/media?parent=26413"}],"curies":[{"name":"wp","href":"https:\/\/api.w.org\/{rel}","templated":true}]}}