{"id":26272,"date":"2021-12-29T23:26:13","date_gmt":"2021-12-29T22:26:13","guid":{"rendered":"https:\/\/dellarte.be\/postes-vacants\/"},"modified":"2025-01-08T20:41:53","modified_gmt":"2025-01-08T19:41:53","slug":"postes-vacants","status":"publish","type":"page","link":"https:\/\/dellarte.be\/fr\/postes-vacants\/","title":{"rendered":"Postes vacants"},"content":{"rendered":"<p>[et_pb_section fb_built=\u00a0\u00bb1&Prime; fullwidth=\u00a0\u00bbon\u00a0\u00bb _builder_version=\u00a0\u00bb4.14.2&Prime; _module_preset=\u00a0\u00bbdefault\u00a0\u00bb global_colors_info=\u00a0\u00bb{}\u00a0\u00bb][et_pb_fullwidth_header title=\u00a0\u00bbPostes vacants\u00a0\u00bb _builder_version=\u00a0\u00bb4.14.2&Prime; _module_preset=\u00a0\u00bbdefault\u00a0\u00bb global_colors_info=\u00a0\u00bb{}\u00a0\u00bb][\/et_pb_fullwidth_header][\/et_pb_section][et_pb_section fb_built=\u00a0\u00bb1&Prime; admin_label=\u00a0\u00bbMap Section\u00a0\u00bb _builder_version=\u00a0\u00bb4.14.2&Prime; background_color=\u00a0\u00bb#FFFFFF\u00a0\u00bb custom_padding=\u00a0\u00bb7px|0px|100px|0px||\u00a0\u00bb global_colors_info=\u00a0\u00bb{}\u00a0\u00bb][et_pb_row _builder_version=\u00a0\u00bb4.14.2&Prime; _module_preset=\u00a0\u00bbdefault\u00a0\u00bb global_colors_info=\u00a0\u00bb{}\u00a0\u00bb][et_pb_column type=\u00a0\u00bb4_4&Prime; _builder_version=\u00a0\u00bb4.14.2&Prime; _module_preset=\u00a0\u00bbdefault\u00a0\u00bb global_colors_info=\u00a0\u00bb{}\u00a0\u00bb][et_pb_text _builder_version=\u00a0\u00bb4.14.2&Prime; _module_preset=\u00a0\u00bbdefault\u00a0\u00bb global_colors_info=\u00a0\u00bb{}\u00a0\u00bb]<\/p>\n<p>Nous recherchons d&rsquo;urgence du personnel qualifi\u00e9.<\/p>\n<p>Si vous \u00eates notre homme ou notre femme, envoyez-nous un <a href=\"mailto:info@dellarte.be?Subject=Sollicitatie\">e-mail<\/a> avec vos coordonn\u00e9es (nom, adresse, t\u00e9l\u00e9phone), votre motivation et un CV.<\/p>\n<p>Nous recherchons actuellement les profils suivants :<\/p>\n<ul>\n<li><strong>Vendeur(s)<\/strong><\/li>\n<li><strong>Floorer(s)<\/strong><\/li>\n<\/ul>\n<p>[\/et_pb_text][et_pb_image src=\u00a0\u00bbhttp:\/\/dellarte.be\/wp-content\/uploads\/2022\/01\/marmer10_small.jpeg\u00a0\u00bb alt=\u00a0\u00bbSol en marbre\u00a0\u00bb title_text=\u00a0\u00bbmarbre10_petit\u00a0\u00bb align=\u00a0\u00bbcenter\u00a0\u00bb _builder_version=\u00a0\u00bb4.14.2&Prime; _module_preset=\u00a0\u00bbdefault\u00a0\u00bb global_colors_info=\u00a0\u00bb{}\u00a0\u00bb][\/et_pb_image][\/et_pb_column][\/et_pb_row][\/et_pb_section]<\/p>\n","protected":false},"excerpt":{"rendered":"<p>Nous recherchons d&rsquo;urgence du personnel qualifi\u00e9. Si vous \u00eates notre homme ou notre femme, envoyez-nous un e-mail avec vos coordonn\u00e9es (nom, adresse, t\u00e9l\u00e9phone), votre motivation et un CV. Nous recherchons actuellement les profils suivants : Vendeur(s) Floorer(s)<\/p>\n","protected":false},"author":1,"featured_media":0,"parent":0,"menu_order":0,"comment_status":"closed","ping_status":"closed","template":"","meta":{"_et_pb_use_builder":"on","_et_pb_old_content":"","_et_gb_content_width":"","footnotes":""},"class_list":["post-26272","page","type-page","status-publish","hentry"],"yoast_head":"<!-- This site is optimized with the Yoast SEO plugin v27.4 - https:\/\/yoast.com\/product\/yoast-seo-wordpress\/ -->\n<title>Postes vacants - Dellarte designvloeren<\/title>\n<meta name=\"robots\" content=\"index, follow, max-snippet:-1, max-image-preview:large, max-video-preview:-1\" \/>\n<link rel=\"canonical\" href=\"https:\/\/dellarte.be\/fr\/postes-vacants\/\" \/>\n<meta property=\"og:locale\" content=\"fr_FR\" \/>\n<meta property=\"og:type\" content=\"article\" \/>\n<meta property=\"og:title\" content=\"Postes vacants - Dellarte designvloeren\" \/>\n<meta property=\"og:description\" content=\"Nous recherchons d&#039;urgence du personnel qualifi\u00e9. Si vous \u00eates notre homme ou notre femme, envoyez-nous un e-mail avec vos coordonn\u00e9es (nom, adresse, t\u00e9l\u00e9phone), votre motivation et un CV. Nous recherchons actuellement les profils suivants : Vendeur(s) Floorer(s)\" \/>\n<meta property=\"og:url\" content=\"https:\/\/dellarte.be\/fr\/postes-vacants\/\" \/>\n<meta property=\"og:site_name\" content=\"Dellarte designvloeren\" \/>\n<meta property=\"article:publisher\" content=\"https:\/\/www.facebook.com\/Dellartedesignvloeren\" \/>\n<meta property=\"article:modified_time\" content=\"2025-01-08T19:41:53+00:00\" \/>\n<meta name=\"twitter:card\" content=\"summary_large_image\" \/>\n<meta name=\"twitter:label1\" content=\"Dur\u00e9e de lecture estim\u00e9e\" \/>\n\t<meta name=\"twitter:data1\" content=\"1 minute\" \/>\n<script type=\"application\/ld+json\" class=\"yoast-schema-graph\">{\"@context\":\"https:\\\/\\\/schema.org\",\"@graph\":[{\"@type\":\"WebPage\",\"@id\":\"https:\\\/\\\/dellarte.be\\\/fr\\\/postes-vacants\\\/\",\"url\":\"https:\\\/\\\/dellarte.be\\\/fr\\\/postes-vacants\\\/\",\"name\":\"Postes vacants - Dellarte designvloeren\",\"isPartOf\":{\"@id\":\"https:\\\/\\\/dellarte.be\\\/fr\\\/#website\"},\"datePublished\":\"2021-12-29T22:26:13+00:00\",\"dateModified\":\"2025-01-08T19:41:53+00:00\",\"breadcrumb\":{\"@id\":\"https:\\\/\\\/dellarte.be\\\/fr\\\/postes-vacants\\\/#breadcrumb\"},\"inLanguage\":\"fr-FR\",\"potentialAction\":[{\"@type\":\"ReadAction\",\"target\":[\"https:\\\/\\\/dellarte.be\\\/fr\\\/postes-vacants\\\/\"]}]},{\"@type\":\"BreadcrumbList\",\"@id\":\"https:\\\/\\\/dellarte.be\\\/fr\\\/postes-vacants\\\/#breadcrumb\",\"itemListElement\":[{\"@type\":\"ListItem\",\"position\":1,\"name\":\"Home\",\"item\":\"https:\\\/\\\/dellarte.be\\\/fr\\\/\"},{\"@type\":\"ListItem\",\"position\":2,\"name\":\"Postes vacants\"}]},{\"@type\":\"WebSite\",\"@id\":\"https:\\\/\\\/dellarte.be\\\/fr\\\/#website\",\"url\":\"https:\\\/\\\/dellarte.be\\\/fr\\\/\",\"name\":\"Dellarte designvloeren\",\"description\":\"Exclusieve vloeren te Turnhout\",\"publisher\":{\"@id\":\"https:\\\/\\\/dellarte.be\\\/fr\\\/#organization\"},\"potentialAction\":[{\"@type\":\"SearchAction\",\"target\":{\"@type\":\"EntryPoint\",\"urlTemplate\":\"https:\\\/\\\/dellarte.be\\\/fr\\\/?s={search_term_string}\"},\"query-input\":{\"@type\":\"PropertyValueSpecification\",\"valueRequired\":true,\"valueName\":\"search_term_string\"}}],\"inLanguage\":\"fr-FR\"},{\"@type\":\"Organization\",\"@id\":\"https:\\\/\\\/dellarte.be\\\/fr\\\/#organization\",\"name\":\"Dellarte designvloeren\",\"url\":\"https:\\\/\\\/dellarte.be\\\/fr\\\/\",\"logo\":{\"@type\":\"ImageObject\",\"inLanguage\":\"fr-FR\",\"@id\":\"https:\\\/\\\/dellarte.be\\\/fr\\\/#\\\/schema\\\/logo\\\/image\\\/\",\"url\":\"https:\\\/\\\/dellarte.be\\\/wp-content\\\/uploads\\\/2021\\\/12\\\/logo.png\",\"contentUrl\":\"https:\\\/\\\/dellarte.be\\\/wp-content\\\/uploads\\\/2021\\\/12\\\/logo.png\",\"width\":258,\"height\":74,\"caption\":\"Dellarte designvloeren\"},\"image\":{\"@id\":\"https:\\\/\\\/dellarte.be\\\/fr\\\/#\\\/schema\\\/logo\\\/image\\\/\"},\"sameAs\":[\"https:\\\/\\\/www.facebook.com\\\/Dellartedesignvloeren\"]}]}<\/script>\n<!-- \/ Yoast SEO plugin. -->","yoast_head_json":{"title":"Postes vacants - Dellarte designvloeren","robots":{"index":"index","follow":"follow","max-snippet":"max-snippet:-1","max-image-preview":"max-image-preview:large","max-video-preview":"max-video-preview:-1"},"canonical":"https:\/\/dellarte.be\/fr\/postes-vacants\/","og_locale":"fr_FR","og_type":"article","og_title":"Postes vacants - Dellarte designvloeren","og_description":"Nous recherchons d'urgence du personnel qualifi\u00e9. Si vous \u00eates notre homme ou notre femme, envoyez-nous un e-mail avec vos coordonn\u00e9es (nom, adresse, t\u00e9l\u00e9phone), votre motivation et un CV. Nous recherchons actuellement les profils suivants : Vendeur(s) Floorer(s)","og_url":"https:\/\/dellarte.be\/fr\/postes-vacants\/","og_site_name":"Dellarte designvloeren","article_publisher":"https:\/\/www.facebook.com\/Dellartedesignvloeren","article_modified_time":"2025-01-08T19:41:53+00:00","twitter_card":"summary_large_image","twitter_misc":{"Dur\u00e9e de lecture estim\u00e9e":"1 minute"},"schema":{"@context":"https:\/\/schema.org","@graph":[{"@type":"WebPage","@id":"https:\/\/dellarte.be\/fr\/postes-vacants\/","url":"https:\/\/dellarte.be\/fr\/postes-vacants\/","name":"Postes vacants - Dellarte designvloeren","isPartOf":{"@id":"https:\/\/dellarte.be\/fr\/#website"},"datePublished":"2021-12-29T22:26:13+00:00","dateModified":"2025-01-08T19:41:53+00:00","breadcrumb":{"@id":"https:\/\/dellarte.be\/fr\/postes-vacants\/#breadcrumb"},"inLanguage":"fr-FR","potentialAction":[{"@type":"ReadAction","target":["https:\/\/dellarte.be\/fr\/postes-vacants\/"]}]},{"@type":"BreadcrumbList","@id":"https:\/\/dellarte.be\/fr\/postes-vacants\/#breadcrumb","itemListElement":[{"@type":"ListItem","position":1,"name":"Home","item":"https:\/\/dellarte.be\/fr\/"},{"@type":"ListItem","position":2,"name":"Postes vacants"}]},{"@type":"WebSite","@id":"https:\/\/dellarte.be\/fr\/#website","url":"https:\/\/dellarte.be\/fr\/","name":"Dellarte designvloeren","description":"Exclusieve vloeren te Turnhout","publisher":{"@id":"https:\/\/dellarte.be\/fr\/#organization"},"potentialAction":[{"@type":"SearchAction","target":{"@type":"EntryPoint","urlTemplate":"https:\/\/dellarte.be\/fr\/?s={search_term_string}"},"query-input":{"@type":"PropertyValueSpecification","valueRequired":true,"valueName":"search_term_string"}}],"inLanguage":"fr-FR"},{"@type":"Organization","@id":"https:\/\/dellarte.be\/fr\/#organization","name":"Dellarte designvloeren","url":"https:\/\/dellarte.be\/fr\/","logo":{"@type":"ImageObject","inLanguage":"fr-FR","@id":"https:\/\/dellarte.be\/fr\/#\/schema\/logo\/image\/","url":"https:\/\/dellarte.be\/wp-content\/uploads\/2021\/12\/logo.png","contentUrl":"https:\/\/dellarte.be\/wp-content\/uploads\/2021\/12\/logo.png","width":258,"height":74,"caption":"Dellarte designvloeren"},"image":{"@id":"https:\/\/dellarte.be\/fr\/#\/schema\/logo\/image\/"},"sameAs":["https:\/\/www.facebook.com\/Dellartedesignvloeren"]}]}},"_links":{"self":[{"href":"https:\/\/dellarte.be\/fr\/wp-json\/wp\/v2\/pages\/26272","targetHints":{"allow":["GET"]}}],"collection":[{"href":"https:\/\/dellarte.be\/fr\/wp-json\/wp\/v2\/pages"}],"about":[{"href":"https:\/\/dellarte.be\/fr\/wp-json\/wp\/v2\/types\/page"}],"author":[{"embeddable":true,"href":"https:\/\/dellarte.be\/fr\/wp-json\/wp\/v2\/users\/1"}],"replies":[{"embeddable":true,"href":"https:\/\/dellarte.be\/fr\/wp-json\/wp\/v2\/comments?post=26272"}],"version-history":[{"count":8,"href":"https:\/\/dellarte.be\/fr\/wp-json\/wp\/v2\/pages\/26272\/revisions"}],"predecessor-version":[{"id":26323,"href":"https:\/\/dellarte.be\/fr\/wp-json\/wp\/v2\/pages\/26272\/revisions\/26323"}],"wp:attachment":[{"href":"https:\/\/dellarte.be\/fr\/wp-json\/wp\/v2\/media?parent=26272"}],"curies":[{"name":"wp","href":"https:\/\/api.w.org\/{rel}","templated":true}]}}