{"id":26326,"date":"2022-01-05T21:34:37","date_gmt":"2022-01-05T20:34:37","guid":{"rendered":"https:\/\/dellarte.be\/sols-a-la-truelle\/"},"modified":"2025-01-08T20:41:59","modified_gmt":"2025-01-08T19:41:59","slug":"sols-a-la-truelle","status":"publish","type":"page","link":"https:\/\/dellarte.be\/fr\/sols-a-la-truelle\/","title":{"rendered":"Sols \u00e0 la truelle"},"content":{"rendered":"<p>[et_pb_section fb_built=\u00a0\u00bb1&Prime; fullwidth=\u00a0\u00bbon\u00a0\u00bb _builder_version=\u00a0\u00bb4.14.2&Prime; _module_preset=\u00a0\u00bbdefault\u00a0\u00bb global_colors_info=\u00a0\u00bb{}\u00a0\u00bb][et_pb_fullwidth_header title=\u00a0\u00bbSols \u00e0 la truelle\u00a0\u00bb _builder_version=\u00a0\u00bb4.14.2&Prime; _module_preset=\u00a0\u00bbdefault\u00a0\u00bb box_shadow_style=\u00a0\u00bbpreset3&Prime; box_shadow_color=\u00a0\u00bb#0a0000&Prime; global_colors_info=\u00a0\u00bb{}\u00a0\u00bb][\/et_pb_fullwidth_header][\/et_pb_section][et_pb_section fb_built=\u00a0\u00bb1&Prime; _builder_version=\u00a0\u00bb4.14.2&Prime; _module_preset=\u00a0\u00bbdefault\u00a0\u00bb global_colors_info=\u00a0\u00bb{}\u00a0\u00bb][et_pb_row _builder_version=\u00a0\u00bb4.14.2&Prime; _module_preset=\u00a0\u00bbdefault\u00a0\u00bb global_colors_info=\u00a0\u00bb{}\u00a0\u00bb][et_pb_column type=\u00a0\u00bb4_4&Prime; _builder_version=\u00a0\u00bb4.14.2&Prime; _module_preset=\u00a0\u00bbdefault\u00a0\u00bb global_colors_info=\u00a0\u00bb{}\u00a0\u00bb][et_pb_text _builder_version=\u00a0\u00bb4.14.2&Prime; _module_preset=\u00a0\u00bbdefault\u00a0\u00bb hover_enabled=\u00a0\u00bb0&Prime; global_colors_info=\u00a0\u00bb{}\u00a0\u00bb sticky_enabled=\u00a0\u00bb0&Prime;]<\/p>\n<h2>G\u00e9n\u00e9ral<\/h2>\n<p>Si vous souhaitez un sol solide, r\u00e9sistant aux rayures et facile \u00e0 entretenir, vous devriez opter pour un sol taloch\u00e9. En effet, les sols taloch\u00e9s ne sont pas seulement r\u00e9sistants et hygi\u00e9niques, ils vous offrent \u00e9galement de nombreux autres avantages.<\/p>\n<p><a href=\"https:\/\/dellarte.be\/fr\/contactez-nous\/\">Contactez-nous<\/a> pour choisir le bon type de produit. <br \/>Nous nous ferons un plaisir de vous expliquer. Vous pouvez d&rsquo;ores et d\u00e9j\u00e0 consulter nos<a href=\"https:\/\/dellarte.be\/realisations\/?lang=fr\">r\u00e9alisations<\/a> pour vous faire une id\u00e9e.<\/p>\n<h2>Propri\u00e9t\u00e9s et applications<\/h2>\n<p>Un sol en truelle est \u00e9galement appel\u00e9 sol en mortier et se compose de gravier ou de granul\u00e9s de quartz finement broy\u00e9s, li\u00e9s par une r\u00e9sine synth\u00e9tique \u00e9poxy. L&rsquo;\u00e9poxy rend le sol tr\u00e8s r\u00e9sistant et, en combinaison avec les couches de rev\u00eatement, lui conf\u00e8re son caract\u00e8re sp\u00e9cifique d&rsquo;imperm\u00e9abilit\u00e9 aux liquides.<\/p>\n<p>Les sols \u00e0 la truelle sont utilis\u00e9s dans les cuisines, les douches et les toilettes, les \u00e9tablissements de restauration et les environnements industriels. Cette popularit\u00e9 est principalement due \u00e0 sa r\u00e9sistance \u00e0 l&rsquo;usure et \u00e0 sa nature hygi\u00e9nique.<\/p>\n<p>[\/et_pb_text][\/et_pb_column][\/et_pb_row][et_pb_row column_structure=\u00a0\u00bb1_2,1_2&Prime; _builder_version=\u00a0\u00bb4.14.2&Prime; _module_preset=\u00a0\u00bbdefault\u00a0\u00bb global_colors_info=\u00a0\u00bb{}\u00a0\u00bb][et_pb_column type=\u00a0\u00bb1_2&Prime; _builder_version=\u00a0\u00bb4.14.2&Prime; _module_preset=\u00a0\u00bbdefault\u00a0\u00bb global_colors_info=\u00a0\u00bb{}\u00a0\u00bb][et_pb_image src=\u00a0\u00bbhttp:\/\/dellarte.be\/wp-content\/uploads\/2022\/01\/Troffelvloer.jpg\u00a0\u00bb alt=\u00a0\u00bbSol \u00e0 la truelle\u00a0\u00bb title_text=\u00a0\u00bbSol \u00e0 la truelle\u00a0\u00bb _builder_version=\u00a0\u00bb4.14.2&Prime; _module_preset=\u00a0\u00bbdefault\u00a0\u00bb global_colors_info=\u00a0\u00bb{}\u00a0\u00bb][\/et_pb_image][\/et_pb_column][et_pb_column type=\u00a0\u00bb1_2&Prime; _builder_version=\u00a0\u00bb4.14.2&Prime; _module_preset=\u00a0\u00bbdefault\u00a0\u00bb global_colors_info=\u00a0\u00bb{}\u00a0\u00bb][et_pb_text _builder_version=\u00a0\u00bb4.14.2&Prime; _module_preset=\u00a0\u00bbdefault\u00a0\u00bb global_colors_info=\u00a0\u00bb{}\u00a0\u00bb]<\/p>\n<h2>Avantages du sol \u00e0 la truelle<\/h2>\n<ul>\n<li>Solide, r\u00e9sistant \u00e0 l&rsquo;usure et aux produits chimiques et acides.<\/li>\n<li>Sol sans joint, \u00e9l\u00e9gant et facile \u00e0 nettoyer.<\/li>\n<li>La combinaison avec le chauffage par le sol est possible.<\/li>\n<li>Un look industriel moderne.<\/li>\n<li>Agit comme une insonorisation (r\u00e9duction des bruits d&rsquo;impact).<\/li>\n<li>Antid\u00e9rapant.<\/li>\n<\/ul>\n<p>[\/et_pb_text][\/et_pb_column][\/et_pb_row][et_pb_row _builder_version=\u00a0\u00bb4.14.2&Prime; _module_preset=\u00a0\u00bbdefault\u00a0\u00bb global_colors_info=\u00a0\u00bb{}\u00a0\u00bb][et_pb_column type=\u00a0\u00bb4_4&Prime; _builder_version=\u00a0\u00bb4.14.2&Prime; _module_preset=\u00a0\u00bbdefault\u00a0\u00bb global_colors_info=\u00a0\u00bb{}\u00a0\u00bb][et_pb_text _builder_version=\u00a0\u00bb4.14.2&Prime; _module_preset=\u00a0\u00bbdefault\u00a0\u00bb global_colors_info=\u00a0\u00bb{}\u00a0\u00bb]<\/p>\n<h2>Maintenance<\/h2>\n<p>Le rev\u00eatement de sol \u00e0 la truelle est tr\u00e8s facile \u00e0 entretenir. Cette chape est sans joint, \u00e9tanche et r\u00e9sistante aux produits chimiques. Vous pouvez facilement aspirer la poussi\u00e8re avec l&rsquo;aspirateur. Vous pouvez \u00e9liminer les salissures tenaces et les taches en passant une serpilli\u00e8re \u00e0 l&rsquo;eau ti\u00e8de.<\/p>\n<p>[\/et_pb_text][\/et_pb_column][\/et_pb_row][\/et_pb_section]<\/p>\n","protected":false},"excerpt":{"rendered":"<p>G\u00e9n\u00e9ral Si vous souhaitez un sol solide, r\u00e9sistant aux rayures et facile \u00e0 entretenir, vous devriez opter pour un sol taloch\u00e9. En effet, les sols taloch\u00e9s ne sont pas seulement r\u00e9sistants et hygi\u00e9niques, ils vous offrent \u00e9galement de nombreux autres avantages. Contactez-nous pour choisir le bon type de produit. Nous nous ferons un plaisir de [&hellip;]<\/p>\n","protected":false},"author":1,"featured_media":0,"parent":0,"menu_order":0,"comment_status":"closed","ping_status":"closed","template":"","meta":{"_et_pb_use_builder":"on","_et_pb_old_content":"","_et_gb_content_width":"","footnotes":""},"class_list":["post-26326","page","type-page","status-publish","hentry"],"yoast_head":"<!-- This site is optimized with the Yoast SEO plugin v27.4 - https:\/\/yoast.com\/product\/yoast-seo-wordpress\/ -->\n<title>Sols \u00e0 la truelle - Dellarte designvloeren<\/title>\n<meta name=\"robots\" content=\"index, follow, max-snippet:-1, max-image-preview:large, max-video-preview:-1\" \/>\n<link rel=\"canonical\" href=\"https:\/\/dellarte.be\/fr\/sols-a-la-truelle\/\" \/>\n<meta property=\"og:locale\" content=\"fr_FR\" \/>\n<meta property=\"og:type\" content=\"article\" \/>\n<meta property=\"og:title\" content=\"Sols \u00e0 la truelle - Dellarte designvloeren\" \/>\n<meta property=\"og:description\" content=\"G\u00e9n\u00e9ral Si vous souhaitez un sol solide, r\u00e9sistant aux rayures et facile \u00e0 entretenir, vous devriez opter pour un sol taloch\u00e9. En effet, les sols taloch\u00e9s ne sont pas seulement r\u00e9sistants et hygi\u00e9niques, ils vous offrent \u00e9galement de nombreux autres avantages. Contactez-nous pour choisir le bon type de produit. Nous nous ferons un plaisir de [&hellip;]\" \/>\n<meta property=\"og:url\" content=\"https:\/\/dellarte.be\/fr\/sols-a-la-truelle\/\" \/>\n<meta property=\"og:site_name\" content=\"Dellarte designvloeren\" \/>\n<meta property=\"article:publisher\" content=\"https:\/\/www.facebook.com\/Dellartedesignvloeren\" \/>\n<meta property=\"article:modified_time\" content=\"2025-01-08T19:41:59+00:00\" \/>\n<meta name=\"twitter:card\" content=\"summary_large_image\" \/>\n<meta name=\"twitter:label1\" content=\"Dur\u00e9e de lecture estim\u00e9e\" \/>\n\t<meta name=\"twitter:data1\" content=\"3 minutes\" \/>\n<script type=\"application\/ld+json\" class=\"yoast-schema-graph\">{\"@context\":\"https:\\\/\\\/schema.org\",\"@graph\":[{\"@type\":\"WebPage\",\"@id\":\"https:\\\/\\\/dellarte.be\\\/fr\\\/sols-a-la-truelle\\\/\",\"url\":\"https:\\\/\\\/dellarte.be\\\/fr\\\/sols-a-la-truelle\\\/\",\"name\":\"Sols \u00e0 la truelle - Dellarte designvloeren\",\"isPartOf\":{\"@id\":\"https:\\\/\\\/dellarte.be\\\/fr\\\/#website\"},\"datePublished\":\"2022-01-05T20:34:37+00:00\",\"dateModified\":\"2025-01-08T19:41:59+00:00\",\"breadcrumb\":{\"@id\":\"https:\\\/\\\/dellarte.be\\\/fr\\\/sols-a-la-truelle\\\/#breadcrumb\"},\"inLanguage\":\"fr-FR\",\"potentialAction\":[{\"@type\":\"ReadAction\",\"target\":[\"https:\\\/\\\/dellarte.be\\\/fr\\\/sols-a-la-truelle\\\/\"]}]},{\"@type\":\"BreadcrumbList\",\"@id\":\"https:\\\/\\\/dellarte.be\\\/fr\\\/sols-a-la-truelle\\\/#breadcrumb\",\"itemListElement\":[{\"@type\":\"ListItem\",\"position\":1,\"name\":\"Home\",\"item\":\"https:\\\/\\\/dellarte.be\\\/fr\\\/\"},{\"@type\":\"ListItem\",\"position\":2,\"name\":\"Sols \u00e0 la truelle\"}]},{\"@type\":\"WebSite\",\"@id\":\"https:\\\/\\\/dellarte.be\\\/fr\\\/#website\",\"url\":\"https:\\\/\\\/dellarte.be\\\/fr\\\/\",\"name\":\"Dellarte designvloeren\",\"description\":\"Exclusieve vloeren te Turnhout\",\"publisher\":{\"@id\":\"https:\\\/\\\/dellarte.be\\\/fr\\\/#organization\"},\"potentialAction\":[{\"@type\":\"SearchAction\",\"target\":{\"@type\":\"EntryPoint\",\"urlTemplate\":\"https:\\\/\\\/dellarte.be\\\/fr\\\/?s={search_term_string}\"},\"query-input\":{\"@type\":\"PropertyValueSpecification\",\"valueRequired\":true,\"valueName\":\"search_term_string\"}}],\"inLanguage\":\"fr-FR\"},{\"@type\":\"Organization\",\"@id\":\"https:\\\/\\\/dellarte.be\\\/fr\\\/#organization\",\"name\":\"Dellarte designvloeren\",\"url\":\"https:\\\/\\\/dellarte.be\\\/fr\\\/\",\"logo\":{\"@type\":\"ImageObject\",\"inLanguage\":\"fr-FR\",\"@id\":\"https:\\\/\\\/dellarte.be\\\/fr\\\/#\\\/schema\\\/logo\\\/image\\\/\",\"url\":\"https:\\\/\\\/dellarte.be\\\/wp-content\\\/uploads\\\/2021\\\/12\\\/logo.png\",\"contentUrl\":\"https:\\\/\\\/dellarte.be\\\/wp-content\\\/uploads\\\/2021\\\/12\\\/logo.png\",\"width\":258,\"height\":74,\"caption\":\"Dellarte designvloeren\"},\"image\":{\"@id\":\"https:\\\/\\\/dellarte.be\\\/fr\\\/#\\\/schema\\\/logo\\\/image\\\/\"},\"sameAs\":[\"https:\\\/\\\/www.facebook.com\\\/Dellartedesignvloeren\"]}]}<\/script>\n<!-- \/ Yoast SEO plugin. -->","yoast_head_json":{"title":"Sols \u00e0 la truelle - Dellarte designvloeren","robots":{"index":"index","follow":"follow","max-snippet":"max-snippet:-1","max-image-preview":"max-image-preview:large","max-video-preview":"max-video-preview:-1"},"canonical":"https:\/\/dellarte.be\/fr\/sols-a-la-truelle\/","og_locale":"fr_FR","og_type":"article","og_title":"Sols \u00e0 la truelle - Dellarte designvloeren","og_description":"G\u00e9n\u00e9ral Si vous souhaitez un sol solide, r\u00e9sistant aux rayures et facile \u00e0 entretenir, vous devriez opter pour un sol taloch\u00e9. En effet, les sols taloch\u00e9s ne sont pas seulement r\u00e9sistants et hygi\u00e9niques, ils vous offrent \u00e9galement de nombreux autres avantages. Contactez-nous pour choisir le bon type de produit. Nous nous ferons un plaisir de [&hellip;]","og_url":"https:\/\/dellarte.be\/fr\/sols-a-la-truelle\/","og_site_name":"Dellarte designvloeren","article_publisher":"https:\/\/www.facebook.com\/Dellartedesignvloeren","article_modified_time":"2025-01-08T19:41:59+00:00","twitter_card":"summary_large_image","twitter_misc":{"Dur\u00e9e de lecture estim\u00e9e":"3 minutes"},"schema":{"@context":"https:\/\/schema.org","@graph":[{"@type":"WebPage","@id":"https:\/\/dellarte.be\/fr\/sols-a-la-truelle\/","url":"https:\/\/dellarte.be\/fr\/sols-a-la-truelle\/","name":"Sols \u00e0 la truelle - Dellarte designvloeren","isPartOf":{"@id":"https:\/\/dellarte.be\/fr\/#website"},"datePublished":"2022-01-05T20:34:37+00:00","dateModified":"2025-01-08T19:41:59+00:00","breadcrumb":{"@id":"https:\/\/dellarte.be\/fr\/sols-a-la-truelle\/#breadcrumb"},"inLanguage":"fr-FR","potentialAction":[{"@type":"ReadAction","target":["https:\/\/dellarte.be\/fr\/sols-a-la-truelle\/"]}]},{"@type":"BreadcrumbList","@id":"https:\/\/dellarte.be\/fr\/sols-a-la-truelle\/#breadcrumb","itemListElement":[{"@type":"ListItem","position":1,"name":"Home","item":"https:\/\/dellarte.be\/fr\/"},{"@type":"ListItem","position":2,"name":"Sols \u00e0 la truelle"}]},{"@type":"WebSite","@id":"https:\/\/dellarte.be\/fr\/#website","url":"https:\/\/dellarte.be\/fr\/","name":"Dellarte designvloeren","description":"Exclusieve vloeren te Turnhout","publisher":{"@id":"https:\/\/dellarte.be\/fr\/#organization"},"potentialAction":[{"@type":"SearchAction","target":{"@type":"EntryPoint","urlTemplate":"https:\/\/dellarte.be\/fr\/?s={search_term_string}"},"query-input":{"@type":"PropertyValueSpecification","valueRequired":true,"valueName":"search_term_string"}}],"inLanguage":"fr-FR"},{"@type":"Organization","@id":"https:\/\/dellarte.be\/fr\/#organization","name":"Dellarte designvloeren","url":"https:\/\/dellarte.be\/fr\/","logo":{"@type":"ImageObject","inLanguage":"fr-FR","@id":"https:\/\/dellarte.be\/fr\/#\/schema\/logo\/image\/","url":"https:\/\/dellarte.be\/wp-content\/uploads\/2021\/12\/logo.png","contentUrl":"https:\/\/dellarte.be\/wp-content\/uploads\/2021\/12\/logo.png","width":258,"height":74,"caption":"Dellarte designvloeren"},"image":{"@id":"https:\/\/dellarte.be\/fr\/#\/schema\/logo\/image\/"},"sameAs":["https:\/\/www.facebook.com\/Dellartedesignvloeren"]}]}},"_links":{"self":[{"href":"https:\/\/dellarte.be\/fr\/wp-json\/wp\/v2\/pages\/26326","targetHints":{"allow":["GET"]}}],"collection":[{"href":"https:\/\/dellarte.be\/fr\/wp-json\/wp\/v2\/pages"}],"about":[{"href":"https:\/\/dellarte.be\/fr\/wp-json\/wp\/v2\/types\/page"}],"author":[{"embeddable":true,"href":"https:\/\/dellarte.be\/fr\/wp-json\/wp\/v2\/users\/1"}],"replies":[{"embeddable":true,"href":"https:\/\/dellarte.be\/fr\/wp-json\/wp\/v2\/comments?post=26326"}],"version-history":[{"count":10,"href":"https:\/\/dellarte.be\/fr\/wp-json\/wp\/v2\/pages\/26326\/revisions"}],"predecessor-version":[{"id":26372,"href":"https:\/\/dellarte.be\/fr\/wp-json\/wp\/v2\/pages\/26326\/revisions\/26372"}],"wp:attachment":[{"href":"https:\/\/dellarte.be\/fr\/wp-json\/wp\/v2\/media?parent=26326"}],"curies":[{"name":"wp","href":"https:\/\/api.w.org\/{rel}","templated":true}]}}