{"id":26333,"date":"2022-01-05T21:31:21","date_gmt":"2022-01-05T20:31:21","guid":{"rendered":"https:\/\/dellarte.be\/sols-en-polyurethane-pu\/"},"modified":"2025-01-08T20:41:59","modified_gmt":"2025-01-08T19:41:59","slug":"sols-en-polyurethane-pu","status":"publish","type":"page","link":"https:\/\/dellarte.be\/fr\/sols-en-polyurethane-pu\/","title":{"rendered":"Sols en polyur\u00e9thane (PU)"},"content":{"rendered":"<p>[et_pb_section fb_built=\u00a0\u00bb1&Prime; fullwidth=\u00a0\u00bbon\u00a0\u00bb _builder_version=\u00a0\u00bb4.14.2&Prime; _module_preset=\u00a0\u00bbdefault\u00a0\u00bb global_colors_info=\u00a0\u00bb{}\u00a0\u00bb][et_pb_fullwidth_header title=\u00a0\u00bbSols en polyur\u00e9thane (PU)\u00a0\u00bb _builder_version=\u00a0\u00bb4.14.2&Prime; _module_preset=\u00a0\u00bbdefault\u00a0\u00bb box_shadow_style=\u00a0\u00bbpreset3&Prime; box_shadow_color=\u00a0\u00bb#0a0000&Prime; global_colors_info=\u00a0\u00bb{}\u00a0\u00bb][\/et_pb_fullwidth_header][\/et_pb_section][et_pb_section fb_built=\u00a0\u00bb1&Prime; _builder_version=\u00a0\u00bb4.14.2&Prime; _module_preset=\u00a0\u00bbdefault\u00a0\u00bb global_colors_info=\u00a0\u00bb{}\u00a0\u00bb][et_pb_row _builder_version=\u00a0\u00bb4.14.2&Prime; _module_preset=\u00a0\u00bbdefault\u00a0\u00bb global_colors_info=\u00a0\u00bb{}\u00a0\u00bb][et_pb_column type=\u00a0\u00bb4_4&Prime; _builder_version=\u00a0\u00bb4.14.2&Prime; _module_preset=\u00a0\u00bbdefault\u00a0\u00bb global_colors_info=\u00a0\u00bb{}\u00a0\u00bb][et_pb_text _builder_version=\u00a0\u00bb4.14.2&Prime; _module_preset=\u00a0\u00bbdefault\u00a0\u00bb hover_enabled=\u00a0\u00bb0&Prime; global_colors_info=\u00a0\u00bb{}\u00a0\u00bb sticky_enabled=\u00a0\u00bb0&Prime;]<\/p>\n<h2>G\u00e9n\u00e9ral<\/h2>\n<p>Un sol en polyur\u00e9thane, ou sol PU en abr\u00e9g\u00e9, est un sol coul\u00e9 en plastique l\u00e9g\u00e8rement \u00e9lastique qui peut \u00eatre appliqu\u00e9 sur presque n&rsquo;importe quel support. La nature sans joint de ce sol le rend facile \u00e0 entretenir et convient parfaitement aux int\u00e9rieurs modernes au design \u00e9pur\u00e9.<\/p>\n<h2>Diff\u00e9rents types<\/h2>\n<ul>\n<li>Sols en polyur\u00e9thane<\/li>\n<li>Rev\u00eatement de sol polyur\u00e9thane UV<\/li>\n<li>Sols en polyur\u00e9thane bio<\/li>\n<li>Planchers sportifs<\/li>\n<\/ul>\n<p><a href=\"https:\/\/dellarte.be\/fr\/contactez-nous\/\">Contactez-nous<\/a> pour choisir le bon type de produit. <br \/>Nous nous ferons un plaisir de vous expliquer. Vous pouvez d&rsquo;ores et d\u00e9j\u00e0 consulter nos<a href=\"https:\/\/dellarte.be\/realisations\/?lang=fr\">r\u00e9alisations<\/a> pour vous faire une id\u00e9e.<\/p>\n<p>[\/et_pb_text][\/et_pb_column][\/et_pb_row][et_pb_row _builder_version=\u00a0\u00bb4.14.2&Prime; _module_preset=\u00a0\u00bbdefault\u00a0\u00bb global_colors_info=\u00a0\u00bb{}\u00a0\u00bb][et_pb_column type=\u00a0\u00bb4_4&Prime; _builder_version=\u00a0\u00bb4.14.2&Prime; _module_preset=\u00a0\u00bbdefault\u00a0\u00bb global_colors_info=\u00a0\u00bb{}\u00a0\u00bb][et_pb_image src=\u00a0\u00bbhttp:\/\/dellarte.be\/wp-content\/uploads\/2022\/01\/ag17056-0083_35527894106_o-scaled.jpg\u00a0\u00bb alt=\u00a0\u00bb\u00c9cole de Bocholt\u00a0\u00bb title_text=\u00a0\u00bbag17056-0083_35527894106_o\u00a0\u00bb _builder_version=\u00a0\u00bb4.14.2&Prime; _module_preset=\u00a0\u00bbdefault\u00a0\u00bb global_colors_info=\u00a0\u00bb{}\u00a0\u00bb][\/et_pb_image][\/et_pb_column][\/et_pb_row][et_pb_row _builder_version=\u00a0\u00bb4.14.2&Prime; _module_preset=\u00a0\u00bbdefault\u00a0\u00bb global_colors_info=\u00a0\u00bb{}\u00a0\u00bb][et_pb_column type=\u00a0\u00bb4_4&Prime; _builder_version=\u00a0\u00bb4.14.2&Prime; _module_preset=\u00a0\u00bbdefault\u00a0\u00bb global_colors_info=\u00a0\u00bb{}\u00a0\u00bb][et_pb_text _builder_version=\u00a0\u00bb4.14.2&Prime; _module_preset=\u00a0\u00bbdefault\u00a0\u00bb global_colors_info=\u00a0\u00bb{}\u00a0\u00bb]<\/p>\n<h2>Applications<\/h2>\n<p>La flexibilit\u00e9 et la durabilit\u00e9 des sols en polyur\u00e9thane les rendent id\u00e9aux pour les installations sportives et les endroits o\u00f9 les enfants aiment particuli\u00e8rement jouer.<\/p>\n<p>Les syst\u00e8mes sp\u00e9ciaux rendent les sols plus s\u00fbrs pour la sant\u00e9, offrent un confort aux utilisateurs, sont faciles \u00e0 entretenir et s\u00fbrs en cas de d\u00e9faillance. Leur durabilit\u00e9 signifie qu&rsquo;ils ne n\u00e9cessitent pas d&rsquo;entretien fr\u00e9quent. Cela satisfera certainement les propri\u00e9taires et leurs utilisateurs.<\/p>\n<p>[\/et_pb_text][\/et_pb_column][\/et_pb_row][et_pb_row column_structure=\u00a0\u00bb1_2,1_2&Prime; _builder_version=\u00a0\u00bb4.14.2&Prime; _module_preset=\u00a0\u00bbdefault\u00a0\u00bb global_colors_info=\u00a0\u00bb{}\u00a0\u00bb][et_pb_column type=\u00a0\u00bb1_2&Prime; _builder_version=\u00a0\u00bb4.14.2&Prime; _module_preset=\u00a0\u00bbdefault\u00a0\u00bb global_colors_info=\u00a0\u00bb{}\u00a0\u00bb][et_pb_image src=\u00a0\u00bbhttp:\/\/dellarte.be\/wp-content\/uploads\/2022\/01\/gietvloer-polyurethaan-groter.jpg\u00a0\u00bb alt=\u00a0\u00bbchape polyur\u00e9thane\u00a0\u00bb title_text=\u00a0\u00bbchape polyur\u00e9thane plus large\u00a0\u00bb _builder_version=\u00a0\u00bb4.14.2&Prime; _module_preset=\u00a0\u00bbdefault\u00a0\u00bb global_colors_info=\u00a0\u00bb{}\u00a0\u00bb][\/et_pb_image][\/et_pb_column][et_pb_column type=\u00a0\u00bb1_2&Prime; _builder_version=\u00a0\u00bb4.14.2&Prime; _module_preset=\u00a0\u00bbdefault\u00a0\u00bb global_colors_info=\u00a0\u00bb{}\u00a0\u00bb][et_pb_text _builder_version=\u00a0\u00bb4.14.2&Prime; _module_preset=\u00a0\u00bbdefault\u00a0\u00bb global_colors_info=\u00a0\u00bb{}\u00a0\u00bb]<\/p>\n<h2>Avantages<\/h2>\n<ul>\n<li>Un sol en PU ne pr\u00e9sente pas de coutures, a un aspect \u00e9l\u00e9gant et est facile \u00e0 nettoyer.<\/li>\n<li>Le polyur\u00e9thane est plus \u00e9lastique que l&rsquo;\u00e9poxy et ne se fissure pas (dans des conditions normales).<\/li>\n<li>Il peut \u00e9galement \u00eatre appliqu\u00e9 sur un sol en bois existant gr\u00e2ce \u00e0 ses propri\u00e9t\u00e9s \u00e9lastiques et de pontage des fissures. Toutefois, ce sol doit g\u00e9n\u00e9ralement \u00eatre renforc\u00e9 au pr\u00e9alable par une couche de fibre de verre d&rsquo;\u00e9galisation.<\/li>\n<li>Peut parfaitement \u00eatre utilis\u00e9 en combinaison avec un chauffage par le sol.<\/li>\n<li>Les sols en polyur\u00e9thane absorbent les bruits. Une couche d&rsquo;amortissement suppl\u00e9mentaire peut, si n\u00e9cessaire, am\u00e9liorer encore l&rsquo;acoustique.<\/li>\n<li>Id\u00e9al pour les personnes souffrant d&rsquo;allergies \u00e0 la poussi\u00e8re de maison.<\/li>\n<\/ul>\n<p>[\/et_pb_text][\/et_pb_column][\/et_pb_row][et_pb_row _builder_version=\u00a0\u00bb4.14.2&Prime; _module_preset=\u00a0\u00bbdefault\u00a0\u00bb global_colors_info=\u00a0\u00bb{}\u00a0\u00bb][et_pb_column type=\u00a0\u00bb4_4&Prime; _builder_version=\u00a0\u00bb4.14.2&Prime; _module_preset=\u00a0\u00bbdefault\u00a0\u00bb global_colors_info=\u00a0\u00bb{}\u00a0\u00bb][et_pb_text _builder_version=\u00a0\u00bb4.14.2&Prime; _module_preset=\u00a0\u00bbdefault\u00a0\u00bb global_colors_info=\u00a0\u00bb{}\u00a0\u00bb]<\/p>\n<h2>Maintenance<\/h2>\n<p>L&rsquo;un des grands avantages des sols coul\u00e9s est qu&rsquo;ils sont tr\u00e8s faciles \u00e0 entretenir. Gr\u00e2ce \u00e0 sa surface lisse et \u00e0 son imperm\u00e9abilit\u00e9, les impuret\u00e9s n&rsquo;ont aucune chance de p\u00e9n\u00e9trer dans le sol en r\u00e9sine synth\u00e9tique. Un simple coup de balai suffit pour l&rsquo;entretien quotidien. Si vous devez passer l&rsquo;aspirateur sur le sol en pl\u00e2tre, utilisez un aspirateur avec une brosse douce, par exemple. Une brosse \u00e0 parquet : ses poils souples \u00e9vitent les rayures sur votre sol en pl\u00e2tre. Chaque semaine avec une serpilli\u00e8re humide \u00e0 l&rsquo;eau froide ou ti\u00e8de.<\/p>\n<p>[\/et_pb_text][\/et_pb_column][\/et_pb_row][\/et_pb_section]<\/p>\n","protected":false},"excerpt":{"rendered":"<p>G\u00e9n\u00e9ral Un sol en polyur\u00e9thane, ou sol PU en abr\u00e9g\u00e9, est un sol coul\u00e9 en plastique l\u00e9g\u00e8rement \u00e9lastique qui peut \u00eatre appliqu\u00e9 sur presque n&rsquo;importe quel support. La nature sans joint de ce sol le rend facile \u00e0 entretenir et convient parfaitement aux int\u00e9rieurs modernes au design \u00e9pur\u00e9. Diff\u00e9rents types Sols en polyur\u00e9thane Rev\u00eatement de [&hellip;]<\/p>\n","protected":false},"author":1,"featured_media":0,"parent":0,"menu_order":0,"comment_status":"closed","ping_status":"closed","template":"","meta":{"_et_pb_use_builder":"on","_et_pb_old_content":"","_et_gb_content_width":"","footnotes":""},"class_list":["post-26333","page","type-page","status-publish","hentry"],"yoast_head":"<!-- This site is optimized with the Yoast SEO plugin v27.3 - https:\/\/yoast.com\/product\/yoast-seo-wordpress\/ -->\n<title>Sols en polyur\u00e9thane (PU) - Dellarte designvloeren<\/title>\n<meta name=\"robots\" content=\"index, follow, max-snippet:-1, max-image-preview:large, max-video-preview:-1\" \/>\n<link rel=\"canonical\" href=\"https:\/\/dellarte.be\/fr\/sols-en-polyurethane-pu\/\" \/>\n<meta property=\"og:locale\" content=\"fr_FR\" \/>\n<meta property=\"og:type\" content=\"article\" \/>\n<meta property=\"og:title\" content=\"Sols en polyur\u00e9thane (PU) - Dellarte designvloeren\" \/>\n<meta property=\"og:description\" content=\"G\u00e9n\u00e9ral Un sol en polyur\u00e9thane, ou sol PU en abr\u00e9g\u00e9, est un sol coul\u00e9 en plastique l\u00e9g\u00e8rement \u00e9lastique qui peut \u00eatre appliqu\u00e9 sur presque n&#039;importe quel support. La nature sans joint de ce sol le rend facile \u00e0 entretenir et convient parfaitement aux int\u00e9rieurs modernes au design \u00e9pur\u00e9. Diff\u00e9rents types Sols en polyur\u00e9thane Rev\u00eatement de [&hellip;]\" \/>\n<meta property=\"og:url\" content=\"https:\/\/dellarte.be\/fr\/sols-en-polyurethane-pu\/\" \/>\n<meta property=\"og:site_name\" content=\"Dellarte designvloeren\" \/>\n<meta property=\"article:publisher\" content=\"https:\/\/www.facebook.com\/Dellartedesignvloeren\" \/>\n<meta property=\"article:modified_time\" content=\"2025-01-08T19:41:59+00:00\" \/>\n<meta name=\"twitter:card\" content=\"summary_large_image\" \/>\n<meta name=\"twitter:label1\" content=\"Dur\u00e9e de lecture estim\u00e9e\" \/>\n\t<meta name=\"twitter:data1\" content=\"4 minutes\" \/>\n<script type=\"application\/ld+json\" class=\"yoast-schema-graph\">{\"@context\":\"https:\\\/\\\/schema.org\",\"@graph\":[{\"@type\":\"WebPage\",\"@id\":\"https:\\\/\\\/dellarte.be\\\/fr\\\/sols-en-polyurethane-pu\\\/\",\"url\":\"https:\\\/\\\/dellarte.be\\\/fr\\\/sols-en-polyurethane-pu\\\/\",\"name\":\"Sols en polyur\u00e9thane (PU) - Dellarte designvloeren\",\"isPartOf\":{\"@id\":\"https:\\\/\\\/dellarte.be\\\/fr\\\/#website\"},\"datePublished\":\"2022-01-05T20:31:21+00:00\",\"dateModified\":\"2025-01-08T19:41:59+00:00\",\"breadcrumb\":{\"@id\":\"https:\\\/\\\/dellarte.be\\\/fr\\\/sols-en-polyurethane-pu\\\/#breadcrumb\"},\"inLanguage\":\"fr-FR\",\"potentialAction\":[{\"@type\":\"ReadAction\",\"target\":[\"https:\\\/\\\/dellarte.be\\\/fr\\\/sols-en-polyurethane-pu\\\/\"]}]},{\"@type\":\"BreadcrumbList\",\"@id\":\"https:\\\/\\\/dellarte.be\\\/fr\\\/sols-en-polyurethane-pu\\\/#breadcrumb\",\"itemListElement\":[{\"@type\":\"ListItem\",\"position\":1,\"name\":\"Home\",\"item\":\"https:\\\/\\\/dellarte.be\\\/fr\\\/\"},{\"@type\":\"ListItem\",\"position\":2,\"name\":\"Sols en polyur\u00e9thane (PU)\"}]},{\"@type\":\"WebSite\",\"@id\":\"https:\\\/\\\/dellarte.be\\\/fr\\\/#website\",\"url\":\"https:\\\/\\\/dellarte.be\\\/fr\\\/\",\"name\":\"Dellarte designvloeren\",\"description\":\"Exclusieve vloeren te Turnhout\",\"publisher\":{\"@id\":\"https:\\\/\\\/dellarte.be\\\/fr\\\/#organization\"},\"potentialAction\":[{\"@type\":\"SearchAction\",\"target\":{\"@type\":\"EntryPoint\",\"urlTemplate\":\"https:\\\/\\\/dellarte.be\\\/fr\\\/?s={search_term_string}\"},\"query-input\":{\"@type\":\"PropertyValueSpecification\",\"valueRequired\":true,\"valueName\":\"search_term_string\"}}],\"inLanguage\":\"fr-FR\"},{\"@type\":\"Organization\",\"@id\":\"https:\\\/\\\/dellarte.be\\\/fr\\\/#organization\",\"name\":\"Dellarte designvloeren\",\"url\":\"https:\\\/\\\/dellarte.be\\\/fr\\\/\",\"logo\":{\"@type\":\"ImageObject\",\"inLanguage\":\"fr-FR\",\"@id\":\"https:\\\/\\\/dellarte.be\\\/fr\\\/#\\\/schema\\\/logo\\\/image\\\/\",\"url\":\"https:\\\/\\\/dellarte.be\\\/wp-content\\\/uploads\\\/2021\\\/12\\\/logo.png\",\"contentUrl\":\"https:\\\/\\\/dellarte.be\\\/wp-content\\\/uploads\\\/2021\\\/12\\\/logo.png\",\"width\":258,\"height\":74,\"caption\":\"Dellarte designvloeren\"},\"image\":{\"@id\":\"https:\\\/\\\/dellarte.be\\\/fr\\\/#\\\/schema\\\/logo\\\/image\\\/\"},\"sameAs\":[\"https:\\\/\\\/www.facebook.com\\\/Dellartedesignvloeren\"]}]}<\/script>\n<!-- \/ Yoast SEO plugin. -->","yoast_head_json":{"title":"Sols en polyur\u00e9thane (PU) - Dellarte designvloeren","robots":{"index":"index","follow":"follow","max-snippet":"max-snippet:-1","max-image-preview":"max-image-preview:large","max-video-preview":"max-video-preview:-1"},"canonical":"https:\/\/dellarte.be\/fr\/sols-en-polyurethane-pu\/","og_locale":"fr_FR","og_type":"article","og_title":"Sols en polyur\u00e9thane (PU) - Dellarte designvloeren","og_description":"G\u00e9n\u00e9ral Un sol en polyur\u00e9thane, ou sol PU en abr\u00e9g\u00e9, est un sol coul\u00e9 en plastique l\u00e9g\u00e8rement \u00e9lastique qui peut \u00eatre appliqu\u00e9 sur presque n'importe quel support. La nature sans joint de ce sol le rend facile \u00e0 entretenir et convient parfaitement aux int\u00e9rieurs modernes au design \u00e9pur\u00e9. Diff\u00e9rents types Sols en polyur\u00e9thane Rev\u00eatement de [&hellip;]","og_url":"https:\/\/dellarte.be\/fr\/sols-en-polyurethane-pu\/","og_site_name":"Dellarte designvloeren","article_publisher":"https:\/\/www.facebook.com\/Dellartedesignvloeren","article_modified_time":"2025-01-08T19:41:59+00:00","twitter_card":"summary_large_image","twitter_misc":{"Dur\u00e9e de lecture estim\u00e9e":"4 minutes"},"schema":{"@context":"https:\/\/schema.org","@graph":[{"@type":"WebPage","@id":"https:\/\/dellarte.be\/fr\/sols-en-polyurethane-pu\/","url":"https:\/\/dellarte.be\/fr\/sols-en-polyurethane-pu\/","name":"Sols en polyur\u00e9thane (PU) - Dellarte designvloeren","isPartOf":{"@id":"https:\/\/dellarte.be\/fr\/#website"},"datePublished":"2022-01-05T20:31:21+00:00","dateModified":"2025-01-08T19:41:59+00:00","breadcrumb":{"@id":"https:\/\/dellarte.be\/fr\/sols-en-polyurethane-pu\/#breadcrumb"},"inLanguage":"fr-FR","potentialAction":[{"@type":"ReadAction","target":["https:\/\/dellarte.be\/fr\/sols-en-polyurethane-pu\/"]}]},{"@type":"BreadcrumbList","@id":"https:\/\/dellarte.be\/fr\/sols-en-polyurethane-pu\/#breadcrumb","itemListElement":[{"@type":"ListItem","position":1,"name":"Home","item":"https:\/\/dellarte.be\/fr\/"},{"@type":"ListItem","position":2,"name":"Sols en polyur\u00e9thane (PU)"}]},{"@type":"WebSite","@id":"https:\/\/dellarte.be\/fr\/#website","url":"https:\/\/dellarte.be\/fr\/","name":"Dellarte designvloeren","description":"Exclusieve vloeren te Turnhout","publisher":{"@id":"https:\/\/dellarte.be\/fr\/#organization"},"potentialAction":[{"@type":"SearchAction","target":{"@type":"EntryPoint","urlTemplate":"https:\/\/dellarte.be\/fr\/?s={search_term_string}"},"query-input":{"@type":"PropertyValueSpecification","valueRequired":true,"valueName":"search_term_string"}}],"inLanguage":"fr-FR"},{"@type":"Organization","@id":"https:\/\/dellarte.be\/fr\/#organization","name":"Dellarte designvloeren","url":"https:\/\/dellarte.be\/fr\/","logo":{"@type":"ImageObject","inLanguage":"fr-FR","@id":"https:\/\/dellarte.be\/fr\/#\/schema\/logo\/image\/","url":"https:\/\/dellarte.be\/wp-content\/uploads\/2021\/12\/logo.png","contentUrl":"https:\/\/dellarte.be\/wp-content\/uploads\/2021\/12\/logo.png","width":258,"height":74,"caption":"Dellarte designvloeren"},"image":{"@id":"https:\/\/dellarte.be\/fr\/#\/schema\/logo\/image\/"},"sameAs":["https:\/\/www.facebook.com\/Dellartedesignvloeren"]}]}},"_links":{"self":[{"href":"https:\/\/dellarte.be\/fr\/wp-json\/wp\/v2\/pages\/26333","targetHints":{"allow":["GET"]}}],"collection":[{"href":"https:\/\/dellarte.be\/fr\/wp-json\/wp\/v2\/pages"}],"about":[{"href":"https:\/\/dellarte.be\/fr\/wp-json\/wp\/v2\/types\/page"}],"author":[{"embeddable":true,"href":"https:\/\/dellarte.be\/fr\/wp-json\/wp\/v2\/users\/1"}],"replies":[{"embeddable":true,"href":"https:\/\/dellarte.be\/fr\/wp-json\/wp\/v2\/comments?post=26333"}],"version-history":[{"count":8,"href":"https:\/\/dellarte.be\/fr\/wp-json\/wp\/v2\/pages\/26333\/revisions"}],"predecessor-version":[{"id":26380,"href":"https:\/\/dellarte.be\/fr\/wp-json\/wp\/v2\/pages\/26333\/revisions\/26380"}],"wp:attachment":[{"href":"https:\/\/dellarte.be\/fr\/wp-json\/wp\/v2\/media?parent=26333"}],"curies":[{"name":"wp","href":"https:\/\/api.w.org\/{rel}","templated":true}]}}